{"id":176,"date":"2025-03-07T14:43:18","date_gmt":"2025-03-07T14:43:18","guid":{"rendered":"https:\/\/aviator-game.guide\/az\/?page_id=176"},"modified":"2025-04-28T08:44:43","modified_gmt":"2025-04-28T08:44:43","slug":"where-to-play","status":"publish","type":"page","link":"https:\/\/aviator-game.guide\/az\/where-to-play\/","title":{"rendered":"Harada oynamaq?"},"content":{"rendered":"","protected":false},"excerpt":{"rendered":"","protected":false},"author":1,"featured_media":0,"parent":0,"menu_order":3,"comment_status":"closed","ping_status":"closed","template":"","meta":{"footnotes":""},"class_list":["post-176","page","type-page","status-publish","hentry"],"yoast_head":"<!-- This site is optimized with the Yoast SEO plugin v24.5 - https:\/\/yoast.com\/wordpress\/plugins\/seo\/ -->\n<title>Aviator Oyunu Onlayn Real Pul \u1433 Nec\u0259 Oynamaq v\u0259 Qazanmaq olar<\/title>\n<meta name=\"description\" content=\"Real pul \u00fc\u00e7\u00fcn Aviator m\u0259rc oyununun n\u0259 oldu\u011funu, hans\u0131 strategiyalar\u0131n udmaq \u015fans\u0131n\u0131z\u0131 art\u0131rma\u011fa k\u00f6m\u0259k ed\u0259c\u0259yini v\u0259 kazinonu nec\u0259 se\u00e7\u0259c\u0259yinizi \u00f6yr\u0259nin.\" \/>\n<meta name=\"robots\" content=\"index, follow, max-snippet:-1, max-image-preview:large, max-video-preview:-1\" \/>\n<meta property=\"og:locale\" content=\"az_AZ\" \/>\n<meta property=\"og:type\" content=\"article\" \/>\n<meta property=\"og:title\" content=\"Aviator Oyunu Onlayn Real Pul \u1433 Nec\u0259 Oynamaq v\u0259 Qazanmaq olar\" \/>\n<meta property=\"og:description\" content=\"Real pul \u00fc\u00e7\u00fcn Aviator m\u0259rc oyununun n\u0259 oldu\u011funu, hans\u0131 strategiyalar\u0131n udmaq \u015fans\u0131n\u0131z\u0131 art\u0131rma\u011fa k\u00f6m\u0259k ed\u0259c\u0259yini v\u0259 kazinonu nec\u0259 se\u00e7\u0259c\u0259yinizi \u00f6yr\u0259nin.\" \/>\n<meta property=\"og:url\" content=\"https:\/\/aviator-game.guide\/az\/where-to-play\/\" \/>\n<meta property=\"og:site_name\" content=\"aviator-game az\" \/>\n<meta property=\"article:modified_time\" content=\"2025-04-28T08:44:43+00:00\" \/>\n<meta name=\"twitter:card\" content=\"summary_large_image\" \/>\n<script type=\"application\/ld+json\" class=\"yoast-schema-graph\">{\"@context\":\"https:\/\/schema.org\",\"@graph\":[{\"@type\":\"WebPage\",\"@id\":\"https:\/\/aviator-game.guide\/az\/where-to-play\/\",\"url\":\"https:\/\/aviator-game.guide\/az\/where-to-play\/\",\"name\":\"Aviator Oyunu Onlayn Real Pul \u1433 Nec\u0259 Oynamaq v\u0259 Qazanmaq olar\",\"isPartOf\":{\"@id\":\"https:\/\/aviator-game.guide\/az\/#website\"},\"datePublished\":\"2025-03-07T14:43:18+00:00\",\"dateModified\":\"2025-04-28T08:44:43+00:00\",\"description\":\"Real pul \u00fc\u00e7\u00fcn Aviator m\u0259rc oyununun n\u0259 oldu\u011funu, hans\u0131 strategiyalar\u0131n udmaq \u015fans\u0131n\u0131z\u0131 art\u0131rma\u011fa k\u00f6m\u0259k ed\u0259c\u0259yini v\u0259 kazinonu nec\u0259 se\u00e7\u0259c\u0259yinizi \u00f6yr\u0259nin.\",\"breadcrumb\":{\"@id\":\"https:\/\/aviator-game.guide\/az\/where-to-play\/#breadcrumb\"},\"inLanguage\":\"az\",\"potentialAction\":[{\"@type\":\"ReadAction\",\"target\":[\"https:\/\/aviator-game.guide\/az\/where-to-play\/\"]}]},{\"@type\":\"BreadcrumbList\",\"@id\":\"https:\/\/aviator-game.guide\/az\/where-to-play\/#breadcrumb\",\"itemListElement\":[{\"@type\":\"ListItem\",\"position\":1,\"name\":\"\u0413\u043b\u0430\u0432\u043d\u0430\u044f \u0441\u0442\u0440\u0430\u043d\u0438\u0446\u0430\",\"item\":\"https:\/\/aviator-game.guide\/az\/\"},{\"@type\":\"ListItem\",\"position\":2,\"name\":\"Harada oynamaq?\"}]},{\"@type\":\"WebSite\",\"@id\":\"https:\/\/aviator-game.guide\/az\/#website\",\"url\":\"https:\/\/aviator-game.guide\/az\/\",\"name\":\"aviator-game az\",\"description\":\"My WordPress Blog\",\"potentialAction\":[{\"@type\":\"SearchAction\",\"target\":{\"@type\":\"EntryPoint\",\"urlTemplate\":\"https:\/\/aviator-game.guide\/az\/?s={search_term_string}\"},\"query-input\":{\"@type\":\"PropertyValueSpecification\",\"valueRequired\":true,\"valueName\":\"search_term_string\"}}],\"inLanguage\":\"az\"}]}<\/script>\n<!-- \/ Yoast SEO plugin. -->","yoast_head_json":{"title":"Aviator Oyunu Onlayn Real Pul \u1433 Nec\u0259 Oynamaq v\u0259 Qazanmaq olar","description":"Real pul \u00fc\u00e7\u00fcn Aviator m\u0259rc oyununun n\u0259 oldu\u011funu, hans\u0131 strategiyalar\u0131n udmaq \u015fans\u0131n\u0131z\u0131 art\u0131rma\u011fa k\u00f6m\u0259k ed\u0259c\u0259yini v\u0259 kazinonu nec\u0259 se\u00e7\u0259c\u0259yinizi \u00f6yr\u0259nin.","robots":{"index":"index","follow":"follow","max-snippet":"max-snippet:-1","max-image-preview":"max-image-preview:large","max-video-preview":"max-video-preview:-1"},"og_locale":"az_AZ","og_type":"article","og_title":"Aviator Oyunu Onlayn Real Pul \u1433 Nec\u0259 Oynamaq v\u0259 Qazanmaq olar","og_description":"Real pul \u00fc\u00e7\u00fcn Aviator m\u0259rc oyununun n\u0259 oldu\u011funu, hans\u0131 strategiyalar\u0131n udmaq \u015fans\u0131n\u0131z\u0131 art\u0131rma\u011fa k\u00f6m\u0259k ed\u0259c\u0259yini v\u0259 kazinonu nec\u0259 se\u00e7\u0259c\u0259yinizi \u00f6yr\u0259nin.","og_url":"https:\/\/aviator-game.guide\/az\/where-to-play\/","og_site_name":"aviator-game az","article_modified_time":"2025-04-28T08:44:43+00:00","twitter_card":"summary_large_image","schema":{"@context":"https:\/\/schema.org","@graph":[{"@type":"WebPage","@id":"https:\/\/aviator-game.guide\/az\/where-to-play\/","url":"https:\/\/aviator-game.guide\/az\/where-to-play\/","name":"Aviator Oyunu Onlayn Real Pul \u1433 Nec\u0259 Oynamaq v\u0259 Qazanmaq olar","isPartOf":{"@id":"https:\/\/aviator-game.guide\/az\/#website"},"datePublished":"2025-03-07T14:43:18+00:00","dateModified":"2025-04-28T08:44:43+00:00","description":"Real pul \u00fc\u00e7\u00fcn Aviator m\u0259rc oyununun n\u0259 oldu\u011funu, hans\u0131 strategiyalar\u0131n udmaq \u015fans\u0131n\u0131z\u0131 art\u0131rma\u011fa k\u00f6m\u0259k ed\u0259c\u0259yini v\u0259 kazinonu nec\u0259 se\u00e7\u0259c\u0259yinizi \u00f6yr\u0259nin.","breadcrumb":{"@id":"https:\/\/aviator-game.guide\/az\/where-to-play\/#breadcrumb"},"inLanguage":"az","potentialAction":[{"@type":"ReadAction","target":["https:\/\/aviator-game.guide\/az\/where-to-play\/"]}]},{"@type":"BreadcrumbList","@id":"https:\/\/aviator-game.guide\/az\/where-to-play\/#breadcrumb","itemListElement":[{"@type":"ListItem","position":1,"name":"\u0413\u043b\u0430\u0432\u043d\u0430\u044f \u0441\u0442\u0440\u0430\u043d\u0438\u0446\u0430","item":"https:\/\/aviator-game.guide\/az\/"},{"@type":"ListItem","position":2,"name":"Harada oynamaq?"}]},{"@type":"WebSite","@id":"https:\/\/aviator-game.guide\/az\/#website","url":"https:\/\/aviator-game.guide\/az\/","name":"aviator-game az","description":"My WordPress Blog","potentialAction":[{"@type":"SearchAction","target":{"@type":"EntryPoint","urlTemplate":"https:\/\/aviator-game.guide\/az\/?s={search_term_string}"},"query-input":{"@type":"PropertyValueSpecification","valueRequired":true,"valueName":"search_term_string"}}],"inLanguage":"az"}]}},"_links":{"self":[{"href":"https:\/\/aviator-game.guide\/az\/wp-json\/wp\/v2\/pages\/176","targetHints":{"allow":["GET"]}}],"collection":[{"href":"https:\/\/aviator-game.guide\/az\/wp-json\/wp\/v2\/pages"}],"about":[{"href":"https:\/\/aviator-game.guide\/az\/wp-json\/wp\/v2\/types\/page"}],"author":[{"embeddable":true,"href":"https:\/\/aviator-game.guide\/az\/wp-json\/wp\/v2\/users\/1"}],"replies":[{"embeddable":true,"href":"https:\/\/aviator-game.guide\/az\/wp-json\/wp\/v2\/comments?post=176"}],"version-history":[{"count":6,"href":"https:\/\/aviator-game.guide\/az\/wp-json\/wp\/v2\/pages\/176\/revisions"}],"predecessor-version":[{"id":244,"href":"https:\/\/aviator-game.guide\/az\/wp-json\/wp\/v2\/pages\/176\/revisions\/244"}],"wp:attachment":[{"href":"https:\/\/aviator-game.guide\/az\/wp-json\/wp\/v2\/media?parent=176"}],"curies":[{"name":"wp","href":"https:\/\/api.w.org\/{rel}","templated":true}]}}