{"id":2,"date":"2023-05-18T17:18:34","date_gmt":"2023-05-18T17:18:34","guid":{"rendered":"https:\/\/aviator-game.guide\/az\/?page_id=2"},"modified":"2025-04-28T07:35:34","modified_gmt":"2025-04-28T07:35:34","slug":"sample-page","status":"publish","type":"page","link":"https:\/\/aviator-game.guide\/az\/","title":{"rendered":"Ev"},"content":{"rendered":"","protected":false},"excerpt":{"rendered":"","protected":false},"author":1,"featured_media":0,"parent":0,"menu_order":0,"comment_status":"closed","ping_status":"open","template":"","meta":{"footnotes":""},"class_list":["post-2","page","type-page","status-publish","hentry"],"yoast_head":"<!-- This site is optimized with the Yoast SEO plugin v24.5 - https:\/\/yoast.com\/wordpress\/plugins\/seo\/ -->\n<title>Aviator Oyunu \ud83e\udc12 Tam Bax\u0131\u015f, Strategiyalar v\u0259 Qazanmaq \u00fc\u00e7\u00fcn M\u0259sl\u0259h\u0259tl\u0259r<\/title>\n<meta name=\"description\" content=\"\u0130ndi Aviator oynay\u0131n! Qazanma\u011f\u0131, u\u011fur strategiyalar\u0131n\u0131, bonuslar\u0131 v\u0259 harada pulsuz oynama\u011f\u0131 \u00f6yr\u0259nin. R\u0259yimizi oxuyun v\u0259 Aviatoru indi i\u015f\u0259 sal\u0131n!\" \/>\n<meta name=\"robots\" content=\"index, follow, max-snippet:-1, max-image-preview:large, max-video-preview:-1\" \/>\n<meta property=\"og:locale\" content=\"az_AZ\" \/>\n<meta property=\"og:type\" content=\"article\" \/>\n<meta property=\"og:title\" content=\"Aviator Oyunu \ud83e\udc12 Tam Bax\u0131\u015f, Strategiyalar v\u0259 Qazanmaq \u00fc\u00e7\u00fcn M\u0259sl\u0259h\u0259tl\u0259r\" \/>\n<meta property=\"og:description\" content=\"\u0130ndi Aviator oynay\u0131n! Qazanma\u011f\u0131, u\u011fur strategiyalar\u0131n\u0131, bonuslar\u0131 v\u0259 harada pulsuz oynama\u011f\u0131 \u00f6yr\u0259nin. R\u0259yimizi oxuyun v\u0259 Aviatoru indi i\u015f\u0259 sal\u0131n!\" \/>\n<meta property=\"og:url\" content=\"https:\/\/aviator-game.guide\/az\/\" \/>\n<meta property=\"og:site_name\" content=\"aviator-game az\" \/>\n<meta property=\"article:modified_time\" content=\"2025-04-28T07:35:34+00:00\" \/>\n<meta name=\"twitter:card\" content=\"summary_large_image\" \/>\n<script type=\"application\/ld+json\" class=\"yoast-schema-graph\">{\"@context\":\"https:\/\/schema.org\",\"@graph\":[{\"@type\":\"WebPage\",\"@id\":\"https:\/\/aviator-game.guide\/az\/\",\"url\":\"https:\/\/aviator-game.guide\/az\/\",\"name\":\"Aviator Oyunu \ud83e\udc12 Tam Bax\u0131\u015f, Strategiyalar v\u0259 Qazanmaq \u00fc\u00e7\u00fcn M\u0259sl\u0259h\u0259tl\u0259r\",\"isPartOf\":{\"@id\":\"https:\/\/aviator-game.guide\/az\/#website\"},\"datePublished\":\"2023-05-18T17:18:34+00:00\",\"dateModified\":\"2025-04-28T07:35:34+00:00\",\"description\":\"\u0130ndi Aviator oynay\u0131n! Qazanma\u011f\u0131, u\u011fur strategiyalar\u0131n\u0131, bonuslar\u0131 v\u0259 harada pulsuz oynama\u011f\u0131 \u00f6yr\u0259nin. R\u0259yimizi oxuyun v\u0259 Aviatoru indi i\u015f\u0259 sal\u0131n!\",\"breadcrumb\":{\"@id\":\"https:\/\/aviator-game.guide\/az\/#breadcrumb\"},\"inLanguage\":\"az\",\"potentialAction\":[{\"@type\":\"ReadAction\",\"target\":[\"https:\/\/aviator-game.guide\/az\/\"]}]},{\"@type\":\"BreadcrumbList\",\"@id\":\"https:\/\/aviator-game.guide\/az\/#breadcrumb\",\"itemListElement\":[{\"@type\":\"ListItem\",\"position\":1,\"name\":\"\u0413\u043b\u0430\u0432\u043d\u0430\u044f \u0441\u0442\u0440\u0430\u043d\u0438\u0446\u0430\",\"item\":\"https:\/\/aviator-game.guide\/az\/\"},{\"@type\":\"ListItem\",\"position\":2,\"name\":\"Ev\"}]},{\"@type\":\"WebSite\",\"@id\":\"https:\/\/aviator-game.guide\/az\/#website\",\"url\":\"https:\/\/aviator-game.guide\/az\/\",\"name\":\"aviator-game az\",\"description\":\"My WordPress Blog\",\"potentialAction\":[{\"@type\":\"SearchAction\",\"target\":{\"@type\":\"EntryPoint\",\"urlTemplate\":\"https:\/\/aviator-game.guide\/az\/?s={search_term_string}\"},\"query-input\":{\"@type\":\"PropertyValueSpecification\",\"valueRequired\":true,\"valueName\":\"search_term_string\"}}],\"inLanguage\":\"az\"}]}<\/script>\n<!-- \/ Yoast SEO plugin. -->","yoast_head_json":{"title":"Aviator Oyunu \ud83e\udc12 Tam Bax\u0131\u015f, Strategiyalar v\u0259 Qazanmaq \u00fc\u00e7\u00fcn M\u0259sl\u0259h\u0259tl\u0259r","description":"\u0130ndi Aviator oynay\u0131n! Qazanma\u011f\u0131, u\u011fur strategiyalar\u0131n\u0131, bonuslar\u0131 v\u0259 harada pulsuz oynama\u011f\u0131 \u00f6yr\u0259nin. R\u0259yimizi oxuyun v\u0259 Aviatoru indi i\u015f\u0259 sal\u0131n!","robots":{"index":"index","follow":"follow","max-snippet":"max-snippet:-1","max-image-preview":"max-image-preview:large","max-video-preview":"max-video-preview:-1"},"og_locale":"az_AZ","og_type":"article","og_title":"Aviator Oyunu \ud83e\udc12 Tam Bax\u0131\u015f, Strategiyalar v\u0259 Qazanmaq \u00fc\u00e7\u00fcn M\u0259sl\u0259h\u0259tl\u0259r","og_description":"\u0130ndi Aviator oynay\u0131n! Qazanma\u011f\u0131, u\u011fur strategiyalar\u0131n\u0131, bonuslar\u0131 v\u0259 harada pulsuz oynama\u011f\u0131 \u00f6yr\u0259nin. R\u0259yimizi oxuyun v\u0259 Aviatoru indi i\u015f\u0259 sal\u0131n!","og_url":"https:\/\/aviator-game.guide\/az\/","og_site_name":"aviator-game az","article_modified_time":"2025-04-28T07:35:34+00:00","twitter_card":"summary_large_image","schema":{"@context":"https:\/\/schema.org","@graph":[{"@type":"WebPage","@id":"https:\/\/aviator-game.guide\/az\/","url":"https:\/\/aviator-game.guide\/az\/","name":"Aviator Oyunu \ud83e\udc12 Tam Bax\u0131\u015f, Strategiyalar v\u0259 Qazanmaq \u00fc\u00e7\u00fcn M\u0259sl\u0259h\u0259tl\u0259r","isPartOf":{"@id":"https:\/\/aviator-game.guide\/az\/#website"},"datePublished":"2023-05-18T17:18:34+00:00","dateModified":"2025-04-28T07:35:34+00:00","description":"\u0130ndi Aviator oynay\u0131n! Qazanma\u011f\u0131, u\u011fur strategiyalar\u0131n\u0131, bonuslar\u0131 v\u0259 harada pulsuz oynama\u011f\u0131 \u00f6yr\u0259nin. R\u0259yimizi oxuyun v\u0259 Aviatoru indi i\u015f\u0259 sal\u0131n!","breadcrumb":{"@id":"https:\/\/aviator-game.guide\/az\/#breadcrumb"},"inLanguage":"az","potentialAction":[{"@type":"ReadAction","target":["https:\/\/aviator-game.guide\/az\/"]}]},{"@type":"BreadcrumbList","@id":"https:\/\/aviator-game.guide\/az\/#breadcrumb","itemListElement":[{"@type":"ListItem","position":1,"name":"\u0413\u043b\u0430\u0432\u043d\u0430\u044f \u0441\u0442\u0440\u0430\u043d\u0438\u0446\u0430","item":"https:\/\/aviator-game.guide\/az\/"},{"@type":"ListItem","position":2,"name":"Ev"}]},{"@type":"WebSite","@id":"https:\/\/aviator-game.guide\/az\/#website","url":"https:\/\/aviator-game.guide\/az\/","name":"aviator-game az","description":"My WordPress Blog","potentialAction":[{"@type":"SearchAction","target":{"@type":"EntryPoint","urlTemplate":"https:\/\/aviator-game.guide\/az\/?s={search_term_string}"},"query-input":{"@type":"PropertyValueSpecification","valueRequired":true,"valueName":"search_term_string"}}],"inLanguage":"az"}]}},"_links":{"self":[{"href":"https:\/\/aviator-game.guide\/az\/wp-json\/wp\/v2\/pages\/2","targetHints":{"allow":["GET"]}}],"collection":[{"href":"https:\/\/aviator-game.guide\/az\/wp-json\/wp\/v2\/pages"}],"about":[{"href":"https:\/\/aviator-game.guide\/az\/wp-json\/wp\/v2\/types\/page"}],"author":[{"embeddable":true,"href":"https:\/\/aviator-game.guide\/az\/wp-json\/wp\/v2\/users\/1"}],"replies":[{"embeddable":true,"href":"https:\/\/aviator-game.guide\/az\/wp-json\/wp\/v2\/comments?post=2"}],"version-history":[{"count":13,"href":"https:\/\/aviator-game.guide\/az\/wp-json\/wp\/v2\/pages\/2\/revisions"}],"predecessor-version":[{"id":238,"href":"https:\/\/aviator-game.guide\/az\/wp-json\/wp\/v2\/pages\/2\/revisions\/238"}],"wp:attachment":[{"href":"https:\/\/aviator-game.guide\/az\/wp-json\/wp\/v2\/media?parent=2"}],"curies":[{"name":"wp","href":"https:\/\/api.w.org\/{rel}","templated":true}]}}