{"id":173,"date":"2025-03-03T13:47:35","date_gmt":"2025-03-03T13:47:35","guid":{"rendered":"https:\/\/aviator-game.guide\/fr\/?page_id=173"},"modified":"2025-04-07T08:59:41","modified_gmt":"2025-04-07T08:59:41","slug":"demo","status":"publish","type":"page","link":"https:\/\/aviator-game.guide\/fr\/demo\/","title":{"rendered":"Demo"},"content":{"rendered":"","protected":false},"excerpt":{"rendered":"","protected":false},"author":1,"featured_media":0,"parent":0,"menu_order":2,"comment_status":"closed","ping_status":"closed","template":"","meta":{"footnotes":""},"class_list":["post-173","page","type-page","status-publish","hentry"],"yoast_head":"<!-- This site is optimized with the Yoast SEO plugin v24.5 - https:\/\/yoast.com\/wordpress\/plugins\/seo\/ -->\n<title>Aviator Game Demo \ud83e\udc12 Jeu gratuit, strat\u00e9gies et astuces<\/title>\n<meta name=\"description\" content=\"Apprenez \u00e0 jouer au jeu de d\u00e9monstration Aviator gratuitement, sans inscription et sans risque. Apprenez les m\u00e9canismes, les strat\u00e9gies, les avantages de la version d\u00e9mo et les astuces pour passer aux paris r\u00e9els !\" \/>\n<meta name=\"robots\" content=\"index, follow, max-snippet:-1, max-image-preview:large, max-video-preview:-1\" \/>\n<meta property=\"og:locale\" content=\"fr_FR\" \/>\n<meta property=\"og:type\" content=\"article\" \/>\n<meta property=\"og:title\" content=\"Aviator Game Demo \ud83e\udc12 Jeu gratuit, strat\u00e9gies et astuces\" \/>\n<meta property=\"og:description\" content=\"Apprenez \u00e0 jouer au jeu de d\u00e9monstration Aviator gratuitement, sans inscription et sans risque. Apprenez les m\u00e9canismes, les strat\u00e9gies, les avantages de la version d\u00e9mo et les astuces pour passer aux paris r\u00e9els !\" \/>\n<meta property=\"og:url\" content=\"https:\/\/aviator-game.guide\/fr\/demo\/\" \/>\n<meta property=\"og:site_name\" content=\"aviator-game fr\" \/>\n<meta property=\"article:modified_time\" content=\"2025-04-07T08:59:41+00:00\" \/>\n<meta name=\"twitter:card\" content=\"summary_large_image\" \/>\n<script type=\"application\/ld+json\" class=\"yoast-schema-graph\">{\"@context\":\"https:\/\/schema.org\",\"@graph\":[{\"@type\":\"WebPage\",\"@id\":\"https:\/\/aviator-game.guide\/fr\/demo\/\",\"url\":\"https:\/\/aviator-game.guide\/fr\/demo\/\",\"name\":\"Aviator Game Demo \ud83e\udc12 Jeu gratuit, strat\u00e9gies et astuces\",\"isPartOf\":{\"@id\":\"https:\/\/aviator-game.guide\/fr\/#website\"},\"datePublished\":\"2025-03-03T13:47:35+00:00\",\"dateModified\":\"2025-04-07T08:59:41+00:00\",\"description\":\"Apprenez \u00e0 jouer au jeu de d\u00e9monstration Aviator gratuitement, sans inscription et sans risque. Apprenez les m\u00e9canismes, les strat\u00e9gies, les avantages de la version d\u00e9mo et les astuces pour passer aux paris r\u00e9els !\",\"breadcrumb\":{\"@id\":\"https:\/\/aviator-game.guide\/fr\/demo\/#breadcrumb\"},\"inLanguage\":\"fr-FR\",\"potentialAction\":[{\"@type\":\"ReadAction\",\"target\":[\"https:\/\/aviator-game.guide\/fr\/demo\/\"]}]},{\"@type\":\"BreadcrumbList\",\"@id\":\"https:\/\/aviator-game.guide\/fr\/demo\/#breadcrumb\",\"itemListElement\":[{\"@type\":\"ListItem\",\"position\":1,\"name\":\"\u0413\u043b\u0430\u0432\u043d\u0430\u044f \u0441\u0442\u0440\u0430\u043d\u0438\u0446\u0430\",\"item\":\"https:\/\/aviator-game.guide\/fr\/\"},{\"@type\":\"ListItem\",\"position\":2,\"name\":\"Demo\"}]},{\"@type\":\"WebSite\",\"@id\":\"https:\/\/aviator-game.guide\/fr\/#website\",\"url\":\"https:\/\/aviator-game.guide\/fr\/\",\"name\":\"aviator-game fr\",\"description\":\"My WordPress Blog\",\"potentialAction\":[{\"@type\":\"SearchAction\",\"target\":{\"@type\":\"EntryPoint\",\"urlTemplate\":\"https:\/\/aviator-game.guide\/fr\/?s={search_term_string}\"},\"query-input\":{\"@type\":\"PropertyValueSpecification\",\"valueRequired\":true,\"valueName\":\"search_term_string\"}}],\"inLanguage\":\"fr-FR\"}]}<\/script>\n<!-- \/ Yoast SEO plugin. -->","yoast_head_json":{"title":"Aviator Game Demo \ud83e\udc12 Jeu gratuit, strat\u00e9gies et astuces","description":"Apprenez \u00e0 jouer au jeu de d\u00e9monstration Aviator gratuitement, sans inscription et sans risque. Apprenez les m\u00e9canismes, les strat\u00e9gies, les avantages de la version d\u00e9mo et les astuces pour passer aux paris r\u00e9els !","robots":{"index":"index","follow":"follow","max-snippet":"max-snippet:-1","max-image-preview":"max-image-preview:large","max-video-preview":"max-video-preview:-1"},"og_locale":"fr_FR","og_type":"article","og_title":"Aviator Game Demo \ud83e\udc12 Jeu gratuit, strat\u00e9gies et astuces","og_description":"Apprenez \u00e0 jouer au jeu de d\u00e9monstration Aviator gratuitement, sans inscription et sans risque. Apprenez les m\u00e9canismes, les strat\u00e9gies, les avantages de la version d\u00e9mo et les astuces pour passer aux paris r\u00e9els !","og_url":"https:\/\/aviator-game.guide\/fr\/demo\/","og_site_name":"aviator-game fr","article_modified_time":"2025-04-07T08:59:41+00:00","twitter_card":"summary_large_image","schema":{"@context":"https:\/\/schema.org","@graph":[{"@type":"WebPage","@id":"https:\/\/aviator-game.guide\/fr\/demo\/","url":"https:\/\/aviator-game.guide\/fr\/demo\/","name":"Aviator Game Demo \ud83e\udc12 Jeu gratuit, strat\u00e9gies et astuces","isPartOf":{"@id":"https:\/\/aviator-game.guide\/fr\/#website"},"datePublished":"2025-03-03T13:47:35+00:00","dateModified":"2025-04-07T08:59:41+00:00","description":"Apprenez \u00e0 jouer au jeu de d\u00e9monstration Aviator gratuitement, sans inscription et sans risque. Apprenez les m\u00e9canismes, les strat\u00e9gies, les avantages de la version d\u00e9mo et les astuces pour passer aux paris r\u00e9els !","breadcrumb":{"@id":"https:\/\/aviator-game.guide\/fr\/demo\/#breadcrumb"},"inLanguage":"fr-FR","potentialAction":[{"@type":"ReadAction","target":["https:\/\/aviator-game.guide\/fr\/demo\/"]}]},{"@type":"BreadcrumbList","@id":"https:\/\/aviator-game.guide\/fr\/demo\/#breadcrumb","itemListElement":[{"@type":"ListItem","position":1,"name":"\u0413\u043b\u0430\u0432\u043d\u0430\u044f \u0441\u0442\u0440\u0430\u043d\u0438\u0446\u0430","item":"https:\/\/aviator-game.guide\/fr\/"},{"@type":"ListItem","position":2,"name":"Demo"}]},{"@type":"WebSite","@id":"https:\/\/aviator-game.guide\/fr\/#website","url":"https:\/\/aviator-game.guide\/fr\/","name":"aviator-game fr","description":"My WordPress Blog","potentialAction":[{"@type":"SearchAction","target":{"@type":"EntryPoint","urlTemplate":"https:\/\/aviator-game.guide\/fr\/?s={search_term_string}"},"query-input":{"@type":"PropertyValueSpecification","valueRequired":true,"valueName":"search_term_string"}}],"inLanguage":"fr-FR"}]}},"_links":{"self":[{"href":"https:\/\/aviator-game.guide\/fr\/wp-json\/wp\/v2\/pages\/173","targetHints":{"allow":["GET"]}}],"collection":[{"href":"https:\/\/aviator-game.guide\/fr\/wp-json\/wp\/v2\/pages"}],"about":[{"href":"https:\/\/aviator-game.guide\/fr\/wp-json\/wp\/v2\/types\/page"}],"author":[{"embeddable":true,"href":"https:\/\/aviator-game.guide\/fr\/wp-json\/wp\/v2\/users\/1"}],"replies":[{"embeddable":true,"href":"https:\/\/aviator-game.guide\/fr\/wp-json\/wp\/v2\/comments?post=173"}],"version-history":[{"count":4,"href":"https:\/\/aviator-game.guide\/fr\/wp-json\/wp\/v2\/pages\/173\/revisions"}],"predecessor-version":[{"id":236,"href":"https:\/\/aviator-game.guide\/fr\/wp-json\/wp\/v2\/pages\/173\/revisions\/236"}],"wp:attachment":[{"href":"https:\/\/aviator-game.guide\/fr\/wp-json\/wp\/v2\/media?parent=173"}],"curies":[{"name":"wp","href":"https:\/\/api.w.org\/{rel}","templated":true}]}}