{"id":176,"date":"2025-03-07T14:43:18","date_gmt":"2025-03-07T14:43:18","guid":{"rendered":"https:\/\/aviator-game.guide\/pl\/?page_id=176"},"modified":"2025-04-30T13:32:00","modified_gmt":"2025-04-30T13:32:00","slug":"where-to-play","status":"publish","type":"page","link":"https:\/\/aviator-game.guide\/pl\/where-to-play\/","title":{"rendered":"Gdzie gra\u0107?"},"content":{"rendered":"","protected":false},"excerpt":{"rendered":"","protected":false},"author":1,"featured_media":0,"parent":0,"menu_order":3,"comment_status":"closed","ping_status":"closed","template":"","meta":{"footnotes":""},"class_list":["post-176","page","type-page","status-publish","hentry"],"yoast_head":"<!-- This site is optimized with the Yoast SEO plugin v24.5 - https:\/\/yoast.com\/wordpress\/plugins\/seo\/ -->\n<title>Gra Aviator online na prawdziwe pieni\u0105dze \u1433 Jak gra\u0107 i wygrywa\u0107<\/title>\n<meta name=\"description\" content=\"Dowiedz si\u0119, czym jest gra Aviator na prawdziwe pieni\u0105dze, jakie strategie pomog\u0105 zwi\u0119kszy\u0107 Twoje szanse na wygran\u0105 i jak wybra\u0107 kasyno.\" \/>\n<meta name=\"robots\" content=\"index, follow, max-snippet:-1, max-image-preview:large, max-video-preview:-1\" \/>\n<meta property=\"og:locale\" content=\"pl_PL\" \/>\n<meta property=\"og:type\" content=\"article\" \/>\n<meta property=\"og:title\" content=\"Gra Aviator online na prawdziwe pieni\u0105dze \u1433 Jak gra\u0107 i wygrywa\u0107\" \/>\n<meta property=\"og:description\" content=\"Dowiedz si\u0119, czym jest gra Aviator na prawdziwe pieni\u0105dze, jakie strategie pomog\u0105 zwi\u0119kszy\u0107 Twoje szanse na wygran\u0105 i jak wybra\u0107 kasyno.\" \/>\n<meta property=\"og:url\" content=\"https:\/\/aviator-game.guide\/pl\/where-to-play\/\" \/>\n<meta property=\"og:site_name\" content=\"aviator-game pl\" \/>\n<meta property=\"article:modified_time\" content=\"2025-04-30T13:32:00+00:00\" \/>\n<meta name=\"twitter:card\" content=\"summary_large_image\" \/>\n<script type=\"application\/ld+json\" class=\"yoast-schema-graph\">{\"@context\":\"https:\/\/schema.org\",\"@graph\":[{\"@type\":\"WebPage\",\"@id\":\"https:\/\/aviator-game.guide\/pl\/where-to-play\/\",\"url\":\"https:\/\/aviator-game.guide\/pl\/where-to-play\/\",\"name\":\"Gra Aviator online na prawdziwe pieni\u0105dze \u1433 Jak gra\u0107 i wygrywa\u0107\",\"isPartOf\":{\"@id\":\"https:\/\/aviator-game.guide\/pl\/#website\"},\"datePublished\":\"2025-03-07T14:43:18+00:00\",\"dateModified\":\"2025-04-30T13:32:00+00:00\",\"description\":\"Dowiedz si\u0119, czym jest gra Aviator na prawdziwe pieni\u0105dze, jakie strategie pomog\u0105 zwi\u0119kszy\u0107 Twoje szanse na wygran\u0105 i jak wybra\u0107 kasyno.\",\"breadcrumb\":{\"@id\":\"https:\/\/aviator-game.guide\/pl\/where-to-play\/#breadcrumb\"},\"inLanguage\":\"pl-PL\",\"potentialAction\":[{\"@type\":\"ReadAction\",\"target\":[\"https:\/\/aviator-game.guide\/pl\/where-to-play\/\"]}]},{\"@type\":\"BreadcrumbList\",\"@id\":\"https:\/\/aviator-game.guide\/pl\/where-to-play\/#breadcrumb\",\"itemListElement\":[{\"@type\":\"ListItem\",\"position\":1,\"name\":\"\u0413\u043b\u0430\u0432\u043d\u0430\u044f \u0441\u0442\u0440\u0430\u043d\u0438\u0446\u0430\",\"item\":\"https:\/\/aviator-game.guide\/pl\/\"},{\"@type\":\"ListItem\",\"position\":2,\"name\":\"Gdzie gra\u0107?\"}]},{\"@type\":\"WebSite\",\"@id\":\"https:\/\/aviator-game.guide\/pl\/#website\",\"url\":\"https:\/\/aviator-game.guide\/pl\/\",\"name\":\"aviator-game pl\",\"description\":\"My WordPress Blog\",\"potentialAction\":[{\"@type\":\"SearchAction\",\"target\":{\"@type\":\"EntryPoint\",\"urlTemplate\":\"https:\/\/aviator-game.guide\/pl\/?s={search_term_string}\"},\"query-input\":{\"@type\":\"PropertyValueSpecification\",\"valueRequired\":true,\"valueName\":\"search_term_string\"}}],\"inLanguage\":\"pl-PL\"}]}<\/script>\n<!-- \/ Yoast SEO plugin. -->","yoast_head_json":{"title":"Gra Aviator online na prawdziwe pieni\u0105dze \u1433 Jak gra\u0107 i wygrywa\u0107","description":"Dowiedz si\u0119, czym jest gra Aviator na prawdziwe pieni\u0105dze, jakie strategie pomog\u0105 zwi\u0119kszy\u0107 Twoje szanse na wygran\u0105 i jak wybra\u0107 kasyno.","robots":{"index":"index","follow":"follow","max-snippet":"max-snippet:-1","max-image-preview":"max-image-preview:large","max-video-preview":"max-video-preview:-1"},"og_locale":"pl_PL","og_type":"article","og_title":"Gra Aviator online na prawdziwe pieni\u0105dze \u1433 Jak gra\u0107 i wygrywa\u0107","og_description":"Dowiedz si\u0119, czym jest gra Aviator na prawdziwe pieni\u0105dze, jakie strategie pomog\u0105 zwi\u0119kszy\u0107 Twoje szanse na wygran\u0105 i jak wybra\u0107 kasyno.","og_url":"https:\/\/aviator-game.guide\/pl\/where-to-play\/","og_site_name":"aviator-game pl","article_modified_time":"2025-04-30T13:32:00+00:00","twitter_card":"summary_large_image","schema":{"@context":"https:\/\/schema.org","@graph":[{"@type":"WebPage","@id":"https:\/\/aviator-game.guide\/pl\/where-to-play\/","url":"https:\/\/aviator-game.guide\/pl\/where-to-play\/","name":"Gra Aviator online na prawdziwe pieni\u0105dze \u1433 Jak gra\u0107 i wygrywa\u0107","isPartOf":{"@id":"https:\/\/aviator-game.guide\/pl\/#website"},"datePublished":"2025-03-07T14:43:18+00:00","dateModified":"2025-04-30T13:32:00+00:00","description":"Dowiedz si\u0119, czym jest gra Aviator na prawdziwe pieni\u0105dze, jakie strategie pomog\u0105 zwi\u0119kszy\u0107 Twoje szanse na wygran\u0105 i jak wybra\u0107 kasyno.","breadcrumb":{"@id":"https:\/\/aviator-game.guide\/pl\/where-to-play\/#breadcrumb"},"inLanguage":"pl-PL","potentialAction":[{"@type":"ReadAction","target":["https:\/\/aviator-game.guide\/pl\/where-to-play\/"]}]},{"@type":"BreadcrumbList","@id":"https:\/\/aviator-game.guide\/pl\/where-to-play\/#breadcrumb","itemListElement":[{"@type":"ListItem","position":1,"name":"\u0413\u043b\u0430\u0432\u043d\u0430\u044f \u0441\u0442\u0440\u0430\u043d\u0438\u0446\u0430","item":"https:\/\/aviator-game.guide\/pl\/"},{"@type":"ListItem","position":2,"name":"Gdzie gra\u0107?"}]},{"@type":"WebSite","@id":"https:\/\/aviator-game.guide\/pl\/#website","url":"https:\/\/aviator-game.guide\/pl\/","name":"aviator-game pl","description":"My WordPress Blog","potentialAction":[{"@type":"SearchAction","target":{"@type":"EntryPoint","urlTemplate":"https:\/\/aviator-game.guide\/pl\/?s={search_term_string}"},"query-input":{"@type":"PropertyValueSpecification","valueRequired":true,"valueName":"search_term_string"}}],"inLanguage":"pl-PL"}]}},"_links":{"self":[{"href":"https:\/\/aviator-game.guide\/pl\/wp-json\/wp\/v2\/pages\/176","targetHints":{"allow":["GET"]}}],"collection":[{"href":"https:\/\/aviator-game.guide\/pl\/wp-json\/wp\/v2\/pages"}],"about":[{"href":"https:\/\/aviator-game.guide\/pl\/wp-json\/wp\/v2\/types\/page"}],"author":[{"embeddable":true,"href":"https:\/\/aviator-game.guide\/pl\/wp-json\/wp\/v2\/users\/1"}],"replies":[{"embeddable":true,"href":"https:\/\/aviator-game.guide\/pl\/wp-json\/wp\/v2\/comments?post=176"}],"version-history":[{"count":6,"href":"https:\/\/aviator-game.guide\/pl\/wp-json\/wp\/v2\/pages\/176\/revisions"}],"predecessor-version":[{"id":239,"href":"https:\/\/aviator-game.guide\/pl\/wp-json\/wp\/v2\/pages\/176\/revisions\/239"}],"wp:attachment":[{"href":"https:\/\/aviator-game.guide\/pl\/wp-json\/wp\/v2\/media?parent=176"}],"curies":[{"name":"wp","href":"https:\/\/api.w.org\/{rel}","templated":true}]}}