{"id":2,"date":"2023-05-18T17:18:34","date_gmt":"2023-05-18T17:18:34","guid":{"rendered":"https:\/\/aviator-game.guide\/pl\/?page_id=2"},"modified":"2025-04-30T12:20:47","modified_gmt":"2025-04-30T12:20:47","slug":"sample-page","status":"publish","type":"page","link":"https:\/\/aviator-game.guide\/pl\/","title":{"rendered":"G\u0142\u00f3wna"},"content":{"rendered":"","protected":false},"excerpt":{"rendered":"","protected":false},"author":1,"featured_media":0,"parent":0,"menu_order":0,"comment_status":"closed","ping_status":"open","template":"","meta":{"footnotes":""},"class_list":["post-2","page","type-page","status-publish","hentry"],"yoast_head":"<!-- This site is optimized with the Yoast SEO plugin v24.5 - https:\/\/yoast.com\/wordpress\/plugins\/seo\/ -->\n<title>Gra Aviator \ud83e\udc12 Pe\u0142na recenzja, strategie i wskaz\u00f3wki jak wygra\u0107<\/title>\n<meta name=\"description\" content=\"Zagraj w Aviator ju\u017c teraz! Dowiedz si\u0119, jak wygrywa\u0107, strategie sukcesu, bonusy i gdzie gra\u0107 za darmo. Przeczytaj nasz\u0105 recenzj\u0119 i uruchom Aviator ju\u017c teraz!\" \/>\n<meta name=\"robots\" content=\"index, follow, max-snippet:-1, max-image-preview:large, max-video-preview:-1\" \/>\n<meta property=\"og:locale\" content=\"pl_PL\" \/>\n<meta property=\"og:type\" content=\"article\" \/>\n<meta property=\"og:title\" content=\"Gra Aviator \ud83e\udc12 Pe\u0142na recenzja, strategie i wskaz\u00f3wki jak wygra\u0107\" \/>\n<meta property=\"og:description\" content=\"Zagraj w Aviator ju\u017c teraz! Dowiedz si\u0119, jak wygrywa\u0107, strategie sukcesu, bonusy i gdzie gra\u0107 za darmo. Przeczytaj nasz\u0105 recenzj\u0119 i uruchom Aviator ju\u017c teraz!\" \/>\n<meta property=\"og:url\" content=\"https:\/\/aviator-game.guide\/pl\/\" \/>\n<meta property=\"og:site_name\" content=\"aviator-game pl\" \/>\n<meta property=\"article:modified_time\" content=\"2025-04-30T12:20:47+00:00\" \/>\n<meta name=\"twitter:card\" content=\"summary_large_image\" \/>\n<script type=\"application\/ld+json\" class=\"yoast-schema-graph\">{\"@context\":\"https:\/\/schema.org\",\"@graph\":[{\"@type\":\"WebPage\",\"@id\":\"https:\/\/aviator-game.guide\/pl\/\",\"url\":\"https:\/\/aviator-game.guide\/pl\/\",\"name\":\"Gra Aviator \ud83e\udc12 Pe\u0142na recenzja, strategie i wskaz\u00f3wki jak wygra\u0107\",\"isPartOf\":{\"@id\":\"https:\/\/aviator-game.guide\/pl\/#website\"},\"datePublished\":\"2023-05-18T17:18:34+00:00\",\"dateModified\":\"2025-04-30T12:20:47+00:00\",\"description\":\"Zagraj w Aviator ju\u017c teraz! Dowiedz si\u0119, jak wygrywa\u0107, strategie sukcesu, bonusy i gdzie gra\u0107 za darmo. Przeczytaj nasz\u0105 recenzj\u0119 i uruchom Aviator ju\u017c teraz!\",\"breadcrumb\":{\"@id\":\"https:\/\/aviator-game.guide\/pl\/#breadcrumb\"},\"inLanguage\":\"pl-PL\",\"potentialAction\":[{\"@type\":\"ReadAction\",\"target\":[\"https:\/\/aviator-game.guide\/pl\/\"]}]},{\"@type\":\"BreadcrumbList\",\"@id\":\"https:\/\/aviator-game.guide\/pl\/#breadcrumb\",\"itemListElement\":[{\"@type\":\"ListItem\",\"position\":1,\"name\":\"\u0413\u043b\u0430\u0432\u043d\u0430\u044f \u0441\u0442\u0440\u0430\u043d\u0438\u0446\u0430\",\"item\":\"https:\/\/aviator-game.guide\/pl\/\"},{\"@type\":\"ListItem\",\"position\":2,\"name\":\"G\u0142\u00f3wna\"}]},{\"@type\":\"WebSite\",\"@id\":\"https:\/\/aviator-game.guide\/pl\/#website\",\"url\":\"https:\/\/aviator-game.guide\/pl\/\",\"name\":\"aviator-game pl\",\"description\":\"My WordPress Blog\",\"potentialAction\":[{\"@type\":\"SearchAction\",\"target\":{\"@type\":\"EntryPoint\",\"urlTemplate\":\"https:\/\/aviator-game.guide\/pl\/?s={search_term_string}\"},\"query-input\":{\"@type\":\"PropertyValueSpecification\",\"valueRequired\":true,\"valueName\":\"search_term_string\"}}],\"inLanguage\":\"pl-PL\"}]}<\/script>\n<!-- \/ Yoast SEO plugin. -->","yoast_head_json":{"title":"Gra Aviator \ud83e\udc12 Pe\u0142na recenzja, strategie i wskaz\u00f3wki jak wygra\u0107","description":"Zagraj w Aviator ju\u017c teraz! Dowiedz si\u0119, jak wygrywa\u0107, strategie sukcesu, bonusy i gdzie gra\u0107 za darmo. Przeczytaj nasz\u0105 recenzj\u0119 i uruchom Aviator ju\u017c teraz!","robots":{"index":"index","follow":"follow","max-snippet":"max-snippet:-1","max-image-preview":"max-image-preview:large","max-video-preview":"max-video-preview:-1"},"og_locale":"pl_PL","og_type":"article","og_title":"Gra Aviator \ud83e\udc12 Pe\u0142na recenzja, strategie i wskaz\u00f3wki jak wygra\u0107","og_description":"Zagraj w Aviator ju\u017c teraz! Dowiedz si\u0119, jak wygrywa\u0107, strategie sukcesu, bonusy i gdzie gra\u0107 za darmo. Przeczytaj nasz\u0105 recenzj\u0119 i uruchom Aviator ju\u017c teraz!","og_url":"https:\/\/aviator-game.guide\/pl\/","og_site_name":"aviator-game pl","article_modified_time":"2025-04-30T12:20:47+00:00","twitter_card":"summary_large_image","schema":{"@context":"https:\/\/schema.org","@graph":[{"@type":"WebPage","@id":"https:\/\/aviator-game.guide\/pl\/","url":"https:\/\/aviator-game.guide\/pl\/","name":"Gra Aviator \ud83e\udc12 Pe\u0142na recenzja, strategie i wskaz\u00f3wki jak wygra\u0107","isPartOf":{"@id":"https:\/\/aviator-game.guide\/pl\/#website"},"datePublished":"2023-05-18T17:18:34+00:00","dateModified":"2025-04-30T12:20:47+00:00","description":"Zagraj w Aviator ju\u017c teraz! Dowiedz si\u0119, jak wygrywa\u0107, strategie sukcesu, bonusy i gdzie gra\u0107 za darmo. Przeczytaj nasz\u0105 recenzj\u0119 i uruchom Aviator ju\u017c teraz!","breadcrumb":{"@id":"https:\/\/aviator-game.guide\/pl\/#breadcrumb"},"inLanguage":"pl-PL","potentialAction":[{"@type":"ReadAction","target":["https:\/\/aviator-game.guide\/pl\/"]}]},{"@type":"BreadcrumbList","@id":"https:\/\/aviator-game.guide\/pl\/#breadcrumb","itemListElement":[{"@type":"ListItem","position":1,"name":"\u0413\u043b\u0430\u0432\u043d\u0430\u044f \u0441\u0442\u0440\u0430\u043d\u0438\u0446\u0430","item":"https:\/\/aviator-game.guide\/pl\/"},{"@type":"ListItem","position":2,"name":"G\u0142\u00f3wna"}]},{"@type":"WebSite","@id":"https:\/\/aviator-game.guide\/pl\/#website","url":"https:\/\/aviator-game.guide\/pl\/","name":"aviator-game pl","description":"My WordPress Blog","potentialAction":[{"@type":"SearchAction","target":{"@type":"EntryPoint","urlTemplate":"https:\/\/aviator-game.guide\/pl\/?s={search_term_string}"},"query-input":{"@type":"PropertyValueSpecification","valueRequired":true,"valueName":"search_term_string"}}],"inLanguage":"pl-PL"}]}},"_links":{"self":[{"href":"https:\/\/aviator-game.guide\/pl\/wp-json\/wp\/v2\/pages\/2","targetHints":{"allow":["GET"]}}],"collection":[{"href":"https:\/\/aviator-game.guide\/pl\/wp-json\/wp\/v2\/pages"}],"about":[{"href":"https:\/\/aviator-game.guide\/pl\/wp-json\/wp\/v2\/types\/page"}],"author":[{"embeddable":true,"href":"https:\/\/aviator-game.guide\/pl\/wp-json\/wp\/v2\/users\/1"}],"replies":[{"embeddable":true,"href":"https:\/\/aviator-game.guide\/pl\/wp-json\/wp\/v2\/comments?post=2"}],"version-history":[{"count":10,"href":"https:\/\/aviator-game.guide\/pl\/wp-json\/wp\/v2\/pages\/2\/revisions"}],"predecessor-version":[{"id":235,"href":"https:\/\/aviator-game.guide\/pl\/wp-json\/wp\/v2\/pages\/2\/revisions\/235"}],"wp:attachment":[{"href":"https:\/\/aviator-game.guide\/pl\/wp-json\/wp\/v2\/media?parent=2"}],"curies":[{"name":"wp","href":"https:\/\/api.w.org\/{rel}","templated":true}]}}