{"id":173,"date":"2025-03-03T13:47:35","date_gmt":"2025-03-03T13:47:35","guid":{"rendered":"https:\/\/aviator-game.guide\/ro\/?page_id=173"},"modified":"2025-07-04T09:10:16","modified_gmt":"2025-07-04T09:10:16","slug":"demo","status":"publish","type":"page","link":"https:\/\/aviator-game.guide\/ro\/demo\/","title":{"rendered":"Demonstra\u021bie"},"content":{"rendered":"","protected":false},"excerpt":{"rendered":"","protected":false},"author":1,"featured_media":0,"parent":0,"menu_order":2,"comment_status":"closed","ping_status":"closed","template":"","meta":{"footnotes":""},"class_list":["post-173","page","type-page","status-publish","hentry"],"yoast_head":"<!-- This site is optimized with the Yoast SEO plugin v24.5 - https:\/\/yoast.com\/wordpress\/plugins\/seo\/ -->\n<title>Demo joc Aviator &gt; Joc gratuit, strategii \u0219i sfaturi<\/title>\n<meta name=\"description\" content=\"\u00cenva\u021b\u0103 cum s\u0103 joci jocul demo Aviator gratuit, f\u0103r\u0103 \u00eenregistrare \u0219i f\u0103r\u0103 riscuri. \u00cenva\u021b\u0103 mecanismele \u0219i cum s\u0103 treci la pariuri reale!\" \/>\n<meta name=\"robots\" content=\"index, follow, max-snippet:-1, max-image-preview:large, max-video-preview:-1\" \/>\n<meta property=\"og:locale\" content=\"ro_RO\" \/>\n<meta property=\"og:type\" content=\"article\" \/>\n<meta property=\"og:title\" content=\"Demo joc Aviator &gt; Joc gratuit, strategii \u0219i sfaturi\" \/>\n<meta property=\"og:description\" content=\"\u00cenva\u021b\u0103 cum s\u0103 joci jocul demo Aviator gratuit, f\u0103r\u0103 \u00eenregistrare \u0219i f\u0103r\u0103 riscuri. \u00cenva\u021b\u0103 mecanismele \u0219i cum s\u0103 treci la pariuri reale!\" \/>\n<meta property=\"og:url\" content=\"https:\/\/aviator-game.guide\/ro\/demo\/\" \/>\n<meta property=\"og:site_name\" content=\"aviator-game RO\" \/>\n<meta property=\"article:modified_time\" content=\"2025-07-04T09:10:16+00:00\" \/>\n<meta name=\"twitter:card\" content=\"summary_large_image\" \/>\n<script type=\"application\/ld+json\" class=\"yoast-schema-graph\">{\"@context\":\"https:\/\/schema.org\",\"@graph\":[{\"@type\":\"WebPage\",\"@id\":\"https:\/\/aviator-game.guide\/ro\/demo\/\",\"url\":\"https:\/\/aviator-game.guide\/ro\/demo\/\",\"name\":\"Demo joc Aviator > Joc gratuit, strategii \u0219i sfaturi\",\"isPartOf\":{\"@id\":\"https:\/\/aviator-game.guide\/ro\/#website\"},\"datePublished\":\"2025-03-03T13:47:35+00:00\",\"dateModified\":\"2025-07-04T09:10:16+00:00\",\"description\":\"\u00cenva\u021b\u0103 cum s\u0103 joci jocul demo Aviator gratuit, f\u0103r\u0103 \u00eenregistrare \u0219i f\u0103r\u0103 riscuri. \u00cenva\u021b\u0103 mecanismele \u0219i cum s\u0103 treci la pariuri reale!\",\"breadcrumb\":{\"@id\":\"https:\/\/aviator-game.guide\/ro\/demo\/#breadcrumb\"},\"inLanguage\":\"ro-RO\",\"potentialAction\":[{\"@type\":\"ReadAction\",\"target\":[\"https:\/\/aviator-game.guide\/ro\/demo\/\"]}]},{\"@type\":\"BreadcrumbList\",\"@id\":\"https:\/\/aviator-game.guide\/ro\/demo\/#breadcrumb\",\"itemListElement\":[{\"@type\":\"ListItem\",\"position\":1,\"name\":\"\u0413\u043b\u0430\u0432\u043d\u0430\u044f \u0441\u0442\u0440\u0430\u043d\u0438\u0446\u0430\",\"item\":\"https:\/\/aviator-game.guide\/ro\/\"},{\"@type\":\"ListItem\",\"position\":2,\"name\":\"Demonstra\u021bie\"}]},{\"@type\":\"WebSite\",\"@id\":\"https:\/\/aviator-game.guide\/ro\/#website\",\"url\":\"https:\/\/aviator-game.guide\/ro\/\",\"name\":\"aviator-game RO\",\"description\":\"My WordPress Blog\",\"potentialAction\":[{\"@type\":\"SearchAction\",\"target\":{\"@type\":\"EntryPoint\",\"urlTemplate\":\"https:\/\/aviator-game.guide\/ro\/?s={search_term_string}\"},\"query-input\":{\"@type\":\"PropertyValueSpecification\",\"valueRequired\":true,\"valueName\":\"search_term_string\"}}],\"inLanguage\":\"ro-RO\"}]}<\/script>\n<!-- \/ Yoast SEO plugin. -->","yoast_head_json":{"title":"Demo joc Aviator > Joc gratuit, strategii \u0219i sfaturi","description":"\u00cenva\u021b\u0103 cum s\u0103 joci jocul demo Aviator gratuit, f\u0103r\u0103 \u00eenregistrare \u0219i f\u0103r\u0103 riscuri. \u00cenva\u021b\u0103 mecanismele \u0219i cum s\u0103 treci la pariuri reale!","robots":{"index":"index","follow":"follow","max-snippet":"max-snippet:-1","max-image-preview":"max-image-preview:large","max-video-preview":"max-video-preview:-1"},"og_locale":"ro_RO","og_type":"article","og_title":"Demo joc Aviator > Joc gratuit, strategii \u0219i sfaturi","og_description":"\u00cenva\u021b\u0103 cum s\u0103 joci jocul demo Aviator gratuit, f\u0103r\u0103 \u00eenregistrare \u0219i f\u0103r\u0103 riscuri. \u00cenva\u021b\u0103 mecanismele \u0219i cum s\u0103 treci la pariuri reale!","og_url":"https:\/\/aviator-game.guide\/ro\/demo\/","og_site_name":"aviator-game RO","article_modified_time":"2025-07-04T09:10:16+00:00","twitter_card":"summary_large_image","schema":{"@context":"https:\/\/schema.org","@graph":[{"@type":"WebPage","@id":"https:\/\/aviator-game.guide\/ro\/demo\/","url":"https:\/\/aviator-game.guide\/ro\/demo\/","name":"Demo joc Aviator > Joc gratuit, strategii \u0219i sfaturi","isPartOf":{"@id":"https:\/\/aviator-game.guide\/ro\/#website"},"datePublished":"2025-03-03T13:47:35+00:00","dateModified":"2025-07-04T09:10:16+00:00","description":"\u00cenva\u021b\u0103 cum s\u0103 joci jocul demo Aviator gratuit, f\u0103r\u0103 \u00eenregistrare \u0219i f\u0103r\u0103 riscuri. \u00cenva\u021b\u0103 mecanismele \u0219i cum s\u0103 treci la pariuri reale!","breadcrumb":{"@id":"https:\/\/aviator-game.guide\/ro\/demo\/#breadcrumb"},"inLanguage":"ro-RO","potentialAction":[{"@type":"ReadAction","target":["https:\/\/aviator-game.guide\/ro\/demo\/"]}]},{"@type":"BreadcrumbList","@id":"https:\/\/aviator-game.guide\/ro\/demo\/#breadcrumb","itemListElement":[{"@type":"ListItem","position":1,"name":"\u0413\u043b\u0430\u0432\u043d\u0430\u044f \u0441\u0442\u0440\u0430\u043d\u0438\u0446\u0430","item":"https:\/\/aviator-game.guide\/ro\/"},{"@type":"ListItem","position":2,"name":"Demonstra\u021bie"}]},{"@type":"WebSite","@id":"https:\/\/aviator-game.guide\/ro\/#website","url":"https:\/\/aviator-game.guide\/ro\/","name":"aviator-game RO","description":"My WordPress Blog","potentialAction":[{"@type":"SearchAction","target":{"@type":"EntryPoint","urlTemplate":"https:\/\/aviator-game.guide\/ro\/?s={search_term_string}"},"query-input":{"@type":"PropertyValueSpecification","valueRequired":true,"valueName":"search_term_string"}}],"inLanguage":"ro-RO"}]}},"_links":{"self":[{"href":"https:\/\/aviator-game.guide\/ro\/wp-json\/wp\/v2\/pages\/173","targetHints":{"allow":["GET"]}}],"collection":[{"href":"https:\/\/aviator-game.guide\/ro\/wp-json\/wp\/v2\/pages"}],"about":[{"href":"https:\/\/aviator-game.guide\/ro\/wp-json\/wp\/v2\/types\/page"}],"author":[{"embeddable":true,"href":"https:\/\/aviator-game.guide\/ro\/wp-json\/wp\/v2\/users\/1"}],"replies":[{"embeddable":true,"href":"https:\/\/aviator-game.guide\/ro\/wp-json\/wp\/v2\/comments?post=173"}],"version-history":[{"count":6,"href":"https:\/\/aviator-game.guide\/ro\/wp-json\/wp\/v2\/pages\/173\/revisions"}],"predecessor-version":[{"id":258,"href":"https:\/\/aviator-game.guide\/ro\/wp-json\/wp\/v2\/pages\/173\/revisions\/258"}],"wp:attachment":[{"href":"https:\/\/aviator-game.guide\/ro\/wp-json\/wp\/v2\/media?parent=173"}],"curies":[{"name":"wp","href":"https:\/\/api.w.org\/{rel}","templated":true}]}}