{"id":180,"date":"2025-03-12T12:49:34","date_gmt":"2025-03-12T12:49:34","guid":{"rendered":"https:\/\/aviator-game.guide\/se\/?page_id=180"},"modified":"2025-09-29T21:06:26","modified_gmt":"2025-09-29T21:06:26","slug":"app","status":"publish","type":"page","link":"https:\/\/aviator-game.guide\/se\/app\/","title":{"rendered":"App"},"content":{"rendered":"","protected":false},"excerpt":{"rendered":"","protected":false},"author":1,"featured_media":0,"parent":0,"menu_order":4,"comment_status":"closed","ping_status":"closed","template":"","meta":{"footnotes":""},"class_list":["post-180","page","type-page","status-publish","hentry"],"yoast_head":"<!-- This site is optimized with the Yoast SEO plugin v24.5 - https:\/\/yoast.com\/wordpress\/plugins\/seo\/ -->\n<title>Aviator-spel &gt; Ladda ner och installera<\/title>\n<meta name=\"description\" content=\"Vill du spela Aviator-spelet p\u00e5 din telefon eller dator? Hur installerar du det p\u00e5 Android och iOS, och om det \u00e4r s\u00e4kert att ladda ner.\" \/>\n<meta name=\"robots\" content=\"index, follow, max-snippet:-1, max-image-preview:large, max-video-preview:-1\" \/>\n<meta property=\"og:locale\" content=\"sv_SE\" \/>\n<meta property=\"og:type\" content=\"article\" \/>\n<meta property=\"og:title\" content=\"Aviator-spel &gt; Ladda ner och installera\" \/>\n<meta property=\"og:description\" content=\"Vill du spela Aviator-spelet p\u00e5 din telefon eller dator? Hur installerar du det p\u00e5 Android och iOS, och om det \u00e4r s\u00e4kert att ladda ner.\" \/>\n<meta property=\"og:url\" content=\"https:\/\/aviator-game.guide\/se\/app\/\" \/>\n<meta property=\"og:site_name\" content=\"aviator-guide SE\" \/>\n<meta property=\"article:modified_time\" content=\"2025-09-29T21:06:26+00:00\" \/>\n<meta name=\"twitter:card\" content=\"summary_large_image\" \/>\n<script type=\"application\/ld+json\" class=\"yoast-schema-graph\">{\"@context\":\"https:\/\/schema.org\",\"@graph\":[{\"@type\":\"WebPage\",\"@id\":\"https:\/\/aviator-game.guide\/se\/app\/\",\"url\":\"https:\/\/aviator-game.guide\/se\/app\/\",\"name\":\"Aviator-spel > Ladda ner och installera\",\"isPartOf\":{\"@id\":\"https:\/\/aviator-game.guide\/se\/#website\"},\"datePublished\":\"2025-03-12T12:49:34+00:00\",\"dateModified\":\"2025-09-29T21:06:26+00:00\",\"description\":\"Vill du spela Aviator-spelet p\u00e5 din telefon eller dator? Hur installerar du det p\u00e5 Android och iOS, och om det \u00e4r s\u00e4kert att ladda ner.\",\"breadcrumb\":{\"@id\":\"https:\/\/aviator-game.guide\/se\/app\/#breadcrumb\"},\"inLanguage\":\"sv-SE\",\"potentialAction\":[{\"@type\":\"ReadAction\",\"target\":[\"https:\/\/aviator-game.guide\/se\/app\/\"]}]},{\"@type\":\"BreadcrumbList\",\"@id\":\"https:\/\/aviator-game.guide\/se\/app\/#breadcrumb\",\"itemListElement\":[{\"@type\":\"ListItem\",\"position\":1,\"name\":\"\u0413\u043b\u0430\u0432\u043d\u0430\u044f \u0441\u0442\u0440\u0430\u043d\u0438\u0446\u0430\",\"item\":\"https:\/\/aviator-game.guide\/se\/\"},{\"@type\":\"ListItem\",\"position\":2,\"name\":\"App\"}]},{\"@type\":\"WebSite\",\"@id\":\"https:\/\/aviator-game.guide\/se\/#website\",\"url\":\"https:\/\/aviator-game.guide\/se\/\",\"name\":\"aviator-guide SE\",\"description\":\"My WordPress Blog\",\"potentialAction\":[{\"@type\":\"SearchAction\",\"target\":{\"@type\":\"EntryPoint\",\"urlTemplate\":\"https:\/\/aviator-game.guide\/se\/?s={search_term_string}\"},\"query-input\":{\"@type\":\"PropertyValueSpecification\",\"valueRequired\":true,\"valueName\":\"search_term_string\"}}],\"inLanguage\":\"sv-SE\"}]}<\/script>\n<!-- \/ Yoast SEO plugin. -->","yoast_head_json":{"title":"Aviator-spel > Ladda ner och installera","description":"Vill du spela Aviator-spelet p\u00e5 din telefon eller dator? Hur installerar du det p\u00e5 Android och iOS, och om det \u00e4r s\u00e4kert att ladda ner.","robots":{"index":"index","follow":"follow","max-snippet":"max-snippet:-1","max-image-preview":"max-image-preview:large","max-video-preview":"max-video-preview:-1"},"og_locale":"sv_SE","og_type":"article","og_title":"Aviator-spel > Ladda ner och installera","og_description":"Vill du spela Aviator-spelet p\u00e5 din telefon eller dator? Hur installerar du det p\u00e5 Android och iOS, och om det \u00e4r s\u00e4kert att ladda ner.","og_url":"https:\/\/aviator-game.guide\/se\/app\/","og_site_name":"aviator-guide SE","article_modified_time":"2025-09-29T21:06:26+00:00","twitter_card":"summary_large_image","schema":{"@context":"https:\/\/schema.org","@graph":[{"@type":"WebPage","@id":"https:\/\/aviator-game.guide\/se\/app\/","url":"https:\/\/aviator-game.guide\/se\/app\/","name":"Aviator-spel > Ladda ner och installera","isPartOf":{"@id":"https:\/\/aviator-game.guide\/se\/#website"},"datePublished":"2025-03-12T12:49:34+00:00","dateModified":"2025-09-29T21:06:26+00:00","description":"Vill du spela Aviator-spelet p\u00e5 din telefon eller dator? Hur installerar du det p\u00e5 Android och iOS, och om det \u00e4r s\u00e4kert att ladda ner.","breadcrumb":{"@id":"https:\/\/aviator-game.guide\/se\/app\/#breadcrumb"},"inLanguage":"sv-SE","potentialAction":[{"@type":"ReadAction","target":["https:\/\/aviator-game.guide\/se\/app\/"]}]},{"@type":"BreadcrumbList","@id":"https:\/\/aviator-game.guide\/se\/app\/#breadcrumb","itemListElement":[{"@type":"ListItem","position":1,"name":"\u0413\u043b\u0430\u0432\u043d\u0430\u044f \u0441\u0442\u0440\u0430\u043d\u0438\u0446\u0430","item":"https:\/\/aviator-game.guide\/se\/"},{"@type":"ListItem","position":2,"name":"App"}]},{"@type":"WebSite","@id":"https:\/\/aviator-game.guide\/se\/#website","url":"https:\/\/aviator-game.guide\/se\/","name":"aviator-guide SE","description":"My WordPress Blog","potentialAction":[{"@type":"SearchAction","target":{"@type":"EntryPoint","urlTemplate":"https:\/\/aviator-game.guide\/se\/?s={search_term_string}"},"query-input":{"@type":"PropertyValueSpecification","valueRequired":true,"valueName":"search_term_string"}}],"inLanguage":"sv-SE"}]}},"_links":{"self":[{"href":"https:\/\/aviator-game.guide\/se\/wp-json\/wp\/v2\/pages\/180","targetHints":{"allow":["GET"]}}],"collection":[{"href":"https:\/\/aviator-game.guide\/se\/wp-json\/wp\/v2\/pages"}],"about":[{"href":"https:\/\/aviator-game.guide\/se\/wp-json\/wp\/v2\/types\/page"}],"author":[{"embeddable":true,"href":"https:\/\/aviator-game.guide\/se\/wp-json\/wp\/v2\/users\/1"}],"replies":[{"embeddable":true,"href":"https:\/\/aviator-game.guide\/se\/wp-json\/wp\/v2\/comments?post=180"}],"version-history":[{"count":10,"href":"https:\/\/aviator-game.guide\/se\/wp-json\/wp\/v2\/pages\/180\/revisions"}],"predecessor-version":[{"id":265,"href":"https:\/\/aviator-game.guide\/se\/wp-json\/wp\/v2\/pages\/180\/revisions\/265"}],"wp:attachment":[{"href":"https:\/\/aviator-game.guide\/se\/wp-json\/wp\/v2\/media?parent=180"}],"curies":[{"name":"wp","href":"https:\/\/api.w.org\/{rel}","templated":true}]}}