{"id":173,"date":"2025-03-03T13:47:35","date_gmt":"2025-03-03T13:47:35","guid":{"rendered":"https:\/\/aviator-game.guide\/tr\/?page_id=173"},"modified":"2025-04-22T13:23:25","modified_gmt":"2025-04-22T13:23:25","slug":"demo","status":"publish","type":"page","link":"https:\/\/aviator-game.guide\/tr\/demo\/","title":{"rendered":"Demo"},"content":{"rendered":"","protected":false},"excerpt":{"rendered":"","protected":false},"author":1,"featured_media":0,"parent":0,"menu_order":2,"comment_status":"closed","ping_status":"closed","template":"","meta":{"footnotes":""},"class_list":["post-173","page","type-page","status-publish","hentry"],"yoast_head":"<!-- This site is optimized with the Yoast SEO plugin v24.5 - https:\/\/yoast.com\/wordpress\/plugins\/seo\/ -->\n<title>Aviator Oyun Demosu \ud83e\udc12 \u00dccretsiz Oyun, Stratejiler ve \u0130pu\u00e7lar\u0131<\/title>\n<meta name=\"description\" content=\"Aviator demo oyununu \u00fccretsiz, kay\u0131t olmadan ve risk almadan nas\u0131l oynayaca\u011f\u0131n\u0131z\u0131 \u00f6\u011frenin. Demo versiyonun mekaniklerini, stratejilerini, art\u0131lar\u0131n\u0131 ve ger\u00e7ek bahislere nas\u0131l ge\u00e7ece\u011finize dair ipu\u00e7lar\u0131n\u0131 \u00f6\u011frenin!\" \/>\n<meta name=\"robots\" content=\"index, follow, max-snippet:-1, max-image-preview:large, max-video-preview:-1\" \/>\n<meta property=\"og:locale\" content=\"tr_TR\" \/>\n<meta property=\"og:type\" content=\"article\" \/>\n<meta property=\"og:title\" content=\"Aviator Oyun Demosu \ud83e\udc12 \u00dccretsiz Oyun, Stratejiler ve \u0130pu\u00e7lar\u0131\" \/>\n<meta property=\"og:description\" content=\"Aviator demo oyununu \u00fccretsiz, kay\u0131t olmadan ve risk almadan nas\u0131l oynayaca\u011f\u0131n\u0131z\u0131 \u00f6\u011frenin. Demo versiyonun mekaniklerini, stratejilerini, art\u0131lar\u0131n\u0131 ve ger\u00e7ek bahislere nas\u0131l ge\u00e7ece\u011finize dair ipu\u00e7lar\u0131n\u0131 \u00f6\u011frenin!\" \/>\n<meta property=\"og:url\" content=\"https:\/\/aviator-game.guide\/tr\/demo\/\" \/>\n<meta property=\"og:site_name\" content=\"aviator-game tr\" \/>\n<meta property=\"article:modified_time\" content=\"2025-04-22T13:23:25+00:00\" \/>\n<meta name=\"twitter:card\" content=\"summary_large_image\" \/>\n<script type=\"application\/ld+json\" class=\"yoast-schema-graph\">{\"@context\":\"https:\/\/schema.org\",\"@graph\":[{\"@type\":\"WebPage\",\"@id\":\"https:\/\/aviator-game.guide\/tr\/demo\/\",\"url\":\"https:\/\/aviator-game.guide\/tr\/demo\/\",\"name\":\"Aviator Oyun Demosu \ud83e\udc12 \u00dccretsiz Oyun, Stratejiler ve \u0130pu\u00e7lar\u0131\",\"isPartOf\":{\"@id\":\"https:\/\/aviator-game.guide\/tr\/#website\"},\"datePublished\":\"2025-03-03T13:47:35+00:00\",\"dateModified\":\"2025-04-22T13:23:25+00:00\",\"description\":\"Aviator demo oyununu \u00fccretsiz, kay\u0131t olmadan ve risk almadan nas\u0131l oynayaca\u011f\u0131n\u0131z\u0131 \u00f6\u011frenin. Demo versiyonun mekaniklerini, stratejilerini, art\u0131lar\u0131n\u0131 ve ger\u00e7ek bahislere nas\u0131l ge\u00e7ece\u011finize dair ipu\u00e7lar\u0131n\u0131 \u00f6\u011frenin!\",\"breadcrumb\":{\"@id\":\"https:\/\/aviator-game.guide\/tr\/demo\/#breadcrumb\"},\"inLanguage\":\"tr\",\"potentialAction\":[{\"@type\":\"ReadAction\",\"target\":[\"https:\/\/aviator-game.guide\/tr\/demo\/\"]}]},{\"@type\":\"BreadcrumbList\",\"@id\":\"https:\/\/aviator-game.guide\/tr\/demo\/#breadcrumb\",\"itemListElement\":[{\"@type\":\"ListItem\",\"position\":1,\"name\":\"\u0413\u043b\u0430\u0432\u043d\u0430\u044f \u0441\u0442\u0440\u0430\u043d\u0438\u0446\u0430\",\"item\":\"https:\/\/aviator-game.guide\/tr\/\"},{\"@type\":\"ListItem\",\"position\":2,\"name\":\"Demo\"}]},{\"@type\":\"WebSite\",\"@id\":\"https:\/\/aviator-game.guide\/tr\/#website\",\"url\":\"https:\/\/aviator-game.guide\/tr\/\",\"name\":\"aviator-game tr\",\"description\":\"My WordPress Blog\",\"potentialAction\":[{\"@type\":\"SearchAction\",\"target\":{\"@type\":\"EntryPoint\",\"urlTemplate\":\"https:\/\/aviator-game.guide\/tr\/?s={search_term_string}\"},\"query-input\":{\"@type\":\"PropertyValueSpecification\",\"valueRequired\":true,\"valueName\":\"search_term_string\"}}],\"inLanguage\":\"tr\"}]}<\/script>\n<!-- \/ Yoast SEO plugin. -->","yoast_head_json":{"title":"Aviator Oyun Demosu \ud83e\udc12 \u00dccretsiz Oyun, Stratejiler ve \u0130pu\u00e7lar\u0131","description":"Aviator demo oyununu \u00fccretsiz, kay\u0131t olmadan ve risk almadan nas\u0131l oynayaca\u011f\u0131n\u0131z\u0131 \u00f6\u011frenin. Demo versiyonun mekaniklerini, stratejilerini, art\u0131lar\u0131n\u0131 ve ger\u00e7ek bahislere nas\u0131l ge\u00e7ece\u011finize dair ipu\u00e7lar\u0131n\u0131 \u00f6\u011frenin!","robots":{"index":"index","follow":"follow","max-snippet":"max-snippet:-1","max-image-preview":"max-image-preview:large","max-video-preview":"max-video-preview:-1"},"og_locale":"tr_TR","og_type":"article","og_title":"Aviator Oyun Demosu \ud83e\udc12 \u00dccretsiz Oyun, Stratejiler ve \u0130pu\u00e7lar\u0131","og_description":"Aviator demo oyununu \u00fccretsiz, kay\u0131t olmadan ve risk almadan nas\u0131l oynayaca\u011f\u0131n\u0131z\u0131 \u00f6\u011frenin. Demo versiyonun mekaniklerini, stratejilerini, art\u0131lar\u0131n\u0131 ve ger\u00e7ek bahislere nas\u0131l ge\u00e7ece\u011finize dair ipu\u00e7lar\u0131n\u0131 \u00f6\u011frenin!","og_url":"https:\/\/aviator-game.guide\/tr\/demo\/","og_site_name":"aviator-game tr","article_modified_time":"2025-04-22T13:23:25+00:00","twitter_card":"summary_large_image","schema":{"@context":"https:\/\/schema.org","@graph":[{"@type":"WebPage","@id":"https:\/\/aviator-game.guide\/tr\/demo\/","url":"https:\/\/aviator-game.guide\/tr\/demo\/","name":"Aviator Oyun Demosu \ud83e\udc12 \u00dccretsiz Oyun, Stratejiler ve \u0130pu\u00e7lar\u0131","isPartOf":{"@id":"https:\/\/aviator-game.guide\/tr\/#website"},"datePublished":"2025-03-03T13:47:35+00:00","dateModified":"2025-04-22T13:23:25+00:00","description":"Aviator demo oyununu \u00fccretsiz, kay\u0131t olmadan ve risk almadan nas\u0131l oynayaca\u011f\u0131n\u0131z\u0131 \u00f6\u011frenin. Demo versiyonun mekaniklerini, stratejilerini, art\u0131lar\u0131n\u0131 ve ger\u00e7ek bahislere nas\u0131l ge\u00e7ece\u011finize dair ipu\u00e7lar\u0131n\u0131 \u00f6\u011frenin!","breadcrumb":{"@id":"https:\/\/aviator-game.guide\/tr\/demo\/#breadcrumb"},"inLanguage":"tr","potentialAction":[{"@type":"ReadAction","target":["https:\/\/aviator-game.guide\/tr\/demo\/"]}]},{"@type":"BreadcrumbList","@id":"https:\/\/aviator-game.guide\/tr\/demo\/#breadcrumb","itemListElement":[{"@type":"ListItem","position":1,"name":"\u0413\u043b\u0430\u0432\u043d\u0430\u044f \u0441\u0442\u0440\u0430\u043d\u0438\u0446\u0430","item":"https:\/\/aviator-game.guide\/tr\/"},{"@type":"ListItem","position":2,"name":"Demo"}]},{"@type":"WebSite","@id":"https:\/\/aviator-game.guide\/tr\/#website","url":"https:\/\/aviator-game.guide\/tr\/","name":"aviator-game tr","description":"My WordPress Blog","potentialAction":[{"@type":"SearchAction","target":{"@type":"EntryPoint","urlTemplate":"https:\/\/aviator-game.guide\/tr\/?s={search_term_string}"},"query-input":{"@type":"PropertyValueSpecification","valueRequired":true,"valueName":"search_term_string"}}],"inLanguage":"tr"}]}},"_links":{"self":[{"href":"https:\/\/aviator-game.guide\/tr\/wp-json\/wp\/v2\/pages\/173","targetHints":{"allow":["GET"]}}],"collection":[{"href":"https:\/\/aviator-game.guide\/tr\/wp-json\/wp\/v2\/pages"}],"about":[{"href":"https:\/\/aviator-game.guide\/tr\/wp-json\/wp\/v2\/types\/page"}],"author":[{"embeddable":true,"href":"https:\/\/aviator-game.guide\/tr\/wp-json\/wp\/v2\/users\/1"}],"replies":[{"embeddable":true,"href":"https:\/\/aviator-game.guide\/tr\/wp-json\/wp\/v2\/comments?post=173"}],"version-history":[{"count":4,"href":"https:\/\/aviator-game.guide\/tr\/wp-json\/wp\/v2\/pages\/173\/revisions"}],"predecessor-version":[{"id":238,"href":"https:\/\/aviator-game.guide\/tr\/wp-json\/wp\/v2\/pages\/173\/revisions\/238"}],"wp:attachment":[{"href":"https:\/\/aviator-game.guide\/tr\/wp-json\/wp\/v2\/media?parent=173"}],"curies":[{"name":"wp","href":"https:\/\/api.w.org\/{rel}","templated":true}]}}