{"id":176,"date":"2025-03-07T14:43:18","date_gmt":"2025-03-07T14:43:18","guid":{"rendered":"https:\/\/aviator-game.guide\/tr\/?page_id=176"},"modified":"2025-04-22T13:40:15","modified_gmt":"2025-04-22T13:40:15","slug":"where-to-play","status":"publish","type":"page","link":"https:\/\/aviator-game.guide\/tr\/where-to-play\/","title":{"rendered":"Nerede oynayaca\u011f\u0131z?"},"content":{"rendered":"","protected":false},"excerpt":{"rendered":"","protected":false},"author":1,"featured_media":0,"parent":0,"menu_order":3,"comment_status":"closed","ping_status":"closed","template":"","meta":{"footnotes":""},"class_list":["post-176","page","type-page","status-publish","hentry"],"yoast_head":"<!-- This site is optimized with the Yoast SEO plugin v24.5 - https:\/\/yoast.com\/wordpress\/plugins\/seo\/ -->\n<title>Aviator Oyunu Online Ger\u00e7ek Para \u1433 Nas\u0131l Oynan\u0131r ve Kazan\u0131l\u0131r<\/title>\n<meta name=\"description\" content=\"Ger\u00e7ek parayla Aviator bahis oyununun ne oldu\u011funu, hangi stratejilerin kazanma \u015fans\u0131n\u0131z\u0131 art\u0131rmaya yard\u0131mc\u0131 olaca\u011f\u0131n\u0131 ve kumarhaneyi nas\u0131l se\u00e7ece\u011finizi \u00f6\u011frenin.\" \/>\n<meta name=\"robots\" content=\"index, follow, max-snippet:-1, max-image-preview:large, max-video-preview:-1\" \/>\n<meta property=\"og:locale\" content=\"tr_TR\" \/>\n<meta property=\"og:type\" content=\"article\" \/>\n<meta property=\"og:title\" content=\"Aviator Oyunu Online Ger\u00e7ek Para \u1433 Nas\u0131l Oynan\u0131r ve Kazan\u0131l\u0131r\" \/>\n<meta property=\"og:description\" content=\"Ger\u00e7ek parayla Aviator bahis oyununun ne oldu\u011funu, hangi stratejilerin kazanma \u015fans\u0131n\u0131z\u0131 art\u0131rmaya yard\u0131mc\u0131 olaca\u011f\u0131n\u0131 ve kumarhaneyi nas\u0131l se\u00e7ece\u011finizi \u00f6\u011frenin.\" \/>\n<meta property=\"og:url\" content=\"https:\/\/aviator-game.guide\/tr\/where-to-play\/\" \/>\n<meta property=\"og:site_name\" content=\"aviator-game tr\" \/>\n<meta property=\"article:modified_time\" content=\"2025-04-22T13:40:15+00:00\" \/>\n<meta name=\"twitter:card\" content=\"summary_large_image\" \/>\n<script type=\"application\/ld+json\" class=\"yoast-schema-graph\">{\"@context\":\"https:\/\/schema.org\",\"@graph\":[{\"@type\":\"WebPage\",\"@id\":\"https:\/\/aviator-game.guide\/tr\/where-to-play\/\",\"url\":\"https:\/\/aviator-game.guide\/tr\/where-to-play\/\",\"name\":\"Aviator Oyunu Online Ger\u00e7ek Para \u1433 Nas\u0131l Oynan\u0131r ve Kazan\u0131l\u0131r\",\"isPartOf\":{\"@id\":\"https:\/\/aviator-game.guide\/tr\/#website\"},\"datePublished\":\"2025-03-07T14:43:18+00:00\",\"dateModified\":\"2025-04-22T13:40:15+00:00\",\"description\":\"Ger\u00e7ek parayla Aviator bahis oyununun ne oldu\u011funu, hangi stratejilerin kazanma \u015fans\u0131n\u0131z\u0131 art\u0131rmaya yard\u0131mc\u0131 olaca\u011f\u0131n\u0131 ve kumarhaneyi nas\u0131l se\u00e7ece\u011finizi \u00f6\u011frenin.\",\"breadcrumb\":{\"@id\":\"https:\/\/aviator-game.guide\/tr\/where-to-play\/#breadcrumb\"},\"inLanguage\":\"tr\",\"potentialAction\":[{\"@type\":\"ReadAction\",\"target\":[\"https:\/\/aviator-game.guide\/tr\/where-to-play\/\"]}]},{\"@type\":\"BreadcrumbList\",\"@id\":\"https:\/\/aviator-game.guide\/tr\/where-to-play\/#breadcrumb\",\"itemListElement\":[{\"@type\":\"ListItem\",\"position\":1,\"name\":\"\u0413\u043b\u0430\u0432\u043d\u0430\u044f \u0441\u0442\u0440\u0430\u043d\u0438\u0446\u0430\",\"item\":\"https:\/\/aviator-game.guide\/tr\/\"},{\"@type\":\"ListItem\",\"position\":2,\"name\":\"Nerede oynayaca\u011f\u0131z?\"}]},{\"@type\":\"WebSite\",\"@id\":\"https:\/\/aviator-game.guide\/tr\/#website\",\"url\":\"https:\/\/aviator-game.guide\/tr\/\",\"name\":\"aviator-game tr\",\"description\":\"My WordPress Blog\",\"potentialAction\":[{\"@type\":\"SearchAction\",\"target\":{\"@type\":\"EntryPoint\",\"urlTemplate\":\"https:\/\/aviator-game.guide\/tr\/?s={search_term_string}\"},\"query-input\":{\"@type\":\"PropertyValueSpecification\",\"valueRequired\":true,\"valueName\":\"search_term_string\"}}],\"inLanguage\":\"tr\"}]}<\/script>\n<!-- \/ Yoast SEO plugin. -->","yoast_head_json":{"title":"Aviator Oyunu Online Ger\u00e7ek Para \u1433 Nas\u0131l Oynan\u0131r ve Kazan\u0131l\u0131r","description":"Ger\u00e7ek parayla Aviator bahis oyununun ne oldu\u011funu, hangi stratejilerin kazanma \u015fans\u0131n\u0131z\u0131 art\u0131rmaya yard\u0131mc\u0131 olaca\u011f\u0131n\u0131 ve kumarhaneyi nas\u0131l se\u00e7ece\u011finizi \u00f6\u011frenin.","robots":{"index":"index","follow":"follow","max-snippet":"max-snippet:-1","max-image-preview":"max-image-preview:large","max-video-preview":"max-video-preview:-1"},"og_locale":"tr_TR","og_type":"article","og_title":"Aviator Oyunu Online Ger\u00e7ek Para \u1433 Nas\u0131l Oynan\u0131r ve Kazan\u0131l\u0131r","og_description":"Ger\u00e7ek parayla Aviator bahis oyununun ne oldu\u011funu, hangi stratejilerin kazanma \u015fans\u0131n\u0131z\u0131 art\u0131rmaya yard\u0131mc\u0131 olaca\u011f\u0131n\u0131 ve kumarhaneyi nas\u0131l se\u00e7ece\u011finizi \u00f6\u011frenin.","og_url":"https:\/\/aviator-game.guide\/tr\/where-to-play\/","og_site_name":"aviator-game tr","article_modified_time":"2025-04-22T13:40:15+00:00","twitter_card":"summary_large_image","schema":{"@context":"https:\/\/schema.org","@graph":[{"@type":"WebPage","@id":"https:\/\/aviator-game.guide\/tr\/where-to-play\/","url":"https:\/\/aviator-game.guide\/tr\/where-to-play\/","name":"Aviator Oyunu Online Ger\u00e7ek Para \u1433 Nas\u0131l Oynan\u0131r ve Kazan\u0131l\u0131r","isPartOf":{"@id":"https:\/\/aviator-game.guide\/tr\/#website"},"datePublished":"2025-03-07T14:43:18+00:00","dateModified":"2025-04-22T13:40:15+00:00","description":"Ger\u00e7ek parayla Aviator bahis oyununun ne oldu\u011funu, hangi stratejilerin kazanma \u015fans\u0131n\u0131z\u0131 art\u0131rmaya yard\u0131mc\u0131 olaca\u011f\u0131n\u0131 ve kumarhaneyi nas\u0131l se\u00e7ece\u011finizi \u00f6\u011frenin.","breadcrumb":{"@id":"https:\/\/aviator-game.guide\/tr\/where-to-play\/#breadcrumb"},"inLanguage":"tr","potentialAction":[{"@type":"ReadAction","target":["https:\/\/aviator-game.guide\/tr\/where-to-play\/"]}]},{"@type":"BreadcrumbList","@id":"https:\/\/aviator-game.guide\/tr\/where-to-play\/#breadcrumb","itemListElement":[{"@type":"ListItem","position":1,"name":"\u0413\u043b\u0430\u0432\u043d\u0430\u044f \u0441\u0442\u0440\u0430\u043d\u0438\u0446\u0430","item":"https:\/\/aviator-game.guide\/tr\/"},{"@type":"ListItem","position":2,"name":"Nerede oynayaca\u011f\u0131z?"}]},{"@type":"WebSite","@id":"https:\/\/aviator-game.guide\/tr\/#website","url":"https:\/\/aviator-game.guide\/tr\/","name":"aviator-game tr","description":"My WordPress Blog","potentialAction":[{"@type":"SearchAction","target":{"@type":"EntryPoint","urlTemplate":"https:\/\/aviator-game.guide\/tr\/?s={search_term_string}"},"query-input":{"@type":"PropertyValueSpecification","valueRequired":true,"valueName":"search_term_string"}}],"inLanguage":"tr"}]}},"_links":{"self":[{"href":"https:\/\/aviator-game.guide\/tr\/wp-json\/wp\/v2\/pages\/176","targetHints":{"allow":["GET"]}}],"collection":[{"href":"https:\/\/aviator-game.guide\/tr\/wp-json\/wp\/v2\/pages"}],"about":[{"href":"https:\/\/aviator-game.guide\/tr\/wp-json\/wp\/v2\/types\/page"}],"author":[{"embeddable":true,"href":"https:\/\/aviator-game.guide\/tr\/wp-json\/wp\/v2\/users\/1"}],"replies":[{"embeddable":true,"href":"https:\/\/aviator-game.guide\/tr\/wp-json\/wp\/v2\/comments?post=176"}],"version-history":[{"count":6,"href":"https:\/\/aviator-game.guide\/tr\/wp-json\/wp\/v2\/pages\/176\/revisions"}],"predecessor-version":[{"id":240,"href":"https:\/\/aviator-game.guide\/tr\/wp-json\/wp\/v2\/pages\/176\/revisions\/240"}],"wp:attachment":[{"href":"https:\/\/aviator-game.guide\/tr\/wp-json\/wp\/v2\/media?parent=176"}],"curies":[{"name":"wp","href":"https:\/\/api.w.org\/{rel}","templated":true}]}}