{"id":173,"date":"2025-03-03T13:47:35","date_gmt":"2025-03-03T13:47:35","guid":{"rendered":"https:\/\/aviator-game.guide\/vn\/?page_id=173"},"modified":"2025-08-20T10:51:38","modified_gmt":"2025-08-20T10:51:38","slug":"demo","status":"publish","type":"page","link":"https:\/\/aviator-game.guide\/vn\/demo\/","title":{"rendered":"Th\u1eed nghi\u1ec7m"},"content":{"rendered":"","protected":false},"excerpt":{"rendered":"","protected":false},"author":1,"featured_media":0,"parent":0,"menu_order":2,"comment_status":"closed","ping_status":"closed","template":"","meta":{"footnotes":""},"class_list":["post-173","page","type-page","status-publish","hentry"],"yoast_head":"<!-- This site is optimized with the Yoast SEO plugin v24.5 - https:\/\/yoast.com\/wordpress\/plugins\/seo\/ -->\n<title>B\u1ea3n demo tr\u00f2 ch\u01a1i Aviator &gt; Tr\u00f2 ch\u01a1i mi\u1ec5n ph\u00ed, Chi\u1ebfn l\u01b0\u1ee3c v\u00e0 M\u1eb9o<\/title>\n<meta name=\"description\" content=\"T\u00ecm hi\u1ec3u c\u00e1ch ch\u01a1i b\u1ea3n demo Aviator mi\u1ec5n ph\u00ed, kh\u00f4ng c\u1ea7n \u0111\u0103ng k\u00fd v\u00e0 kh\u00f4ng r\u1ee7i ro. T\u00ecm hi\u1ec3u c\u01a1 ch\u1ebf, chi\u1ebfn l\u01b0\u1ee3c v\u00e0 c\u00e1ch chuy\u1ec3n sang c\u01b0\u1ee3c th\u1eadt!\" \/>\n<meta name=\"robots\" content=\"index, follow, max-snippet:-1, max-image-preview:large, max-video-preview:-1\" \/>\n<meta property=\"og:locale\" content=\"vi_VN\" \/>\n<meta property=\"og:type\" content=\"article\" \/>\n<meta property=\"og:title\" content=\"B\u1ea3n demo tr\u00f2 ch\u01a1i Aviator &gt; Tr\u00f2 ch\u01a1i mi\u1ec5n ph\u00ed, Chi\u1ebfn l\u01b0\u1ee3c v\u00e0 M\u1eb9o\" \/>\n<meta property=\"og:description\" content=\"T\u00ecm hi\u1ec3u c\u00e1ch ch\u01a1i b\u1ea3n demo Aviator mi\u1ec5n ph\u00ed, kh\u00f4ng c\u1ea7n \u0111\u0103ng k\u00fd v\u00e0 kh\u00f4ng r\u1ee7i ro. T\u00ecm hi\u1ec3u c\u01a1 ch\u1ebf, chi\u1ebfn l\u01b0\u1ee3c v\u00e0 c\u00e1ch chuy\u1ec3n sang c\u01b0\u1ee3c th\u1eadt!\" \/>\n<meta property=\"og:url\" content=\"https:\/\/aviator-game.guide\/vn\/demo\/\" \/>\n<meta property=\"og:site_name\" content=\"aviator-game VN\" \/>\n<meta property=\"article:modified_time\" content=\"2025-08-20T10:51:38+00:00\" \/>\n<meta name=\"twitter:card\" content=\"summary_large_image\" \/>\n<script type=\"application\/ld+json\" class=\"yoast-schema-graph\">{\"@context\":\"https:\/\/schema.org\",\"@graph\":[{\"@type\":\"WebPage\",\"@id\":\"https:\/\/aviator-game.guide\/vn\/demo\/\",\"url\":\"https:\/\/aviator-game.guide\/vn\/demo\/\",\"name\":\"B\u1ea3n demo tr\u00f2 ch\u01a1i Aviator > Tr\u00f2 ch\u01a1i mi\u1ec5n ph\u00ed, Chi\u1ebfn l\u01b0\u1ee3c v\u00e0 M\u1eb9o\",\"isPartOf\":{\"@id\":\"https:\/\/aviator-game.guide\/vn\/#website\"},\"datePublished\":\"2025-03-03T13:47:35+00:00\",\"dateModified\":\"2025-08-20T10:51:38+00:00\",\"description\":\"T\u00ecm hi\u1ec3u c\u00e1ch ch\u01a1i b\u1ea3n demo Aviator mi\u1ec5n ph\u00ed, kh\u00f4ng c\u1ea7n \u0111\u0103ng k\u00fd v\u00e0 kh\u00f4ng r\u1ee7i ro. T\u00ecm hi\u1ec3u c\u01a1 ch\u1ebf, chi\u1ebfn l\u01b0\u1ee3c v\u00e0 c\u00e1ch chuy\u1ec3n sang c\u01b0\u1ee3c th\u1eadt!\",\"breadcrumb\":{\"@id\":\"https:\/\/aviator-game.guide\/vn\/demo\/#breadcrumb\"},\"inLanguage\":\"vi\",\"potentialAction\":[{\"@type\":\"ReadAction\",\"target\":[\"https:\/\/aviator-game.guide\/vn\/demo\/\"]}]},{\"@type\":\"BreadcrumbList\",\"@id\":\"https:\/\/aviator-game.guide\/vn\/demo\/#breadcrumb\",\"itemListElement\":[{\"@type\":\"ListItem\",\"position\":1,\"name\":\"\u0413\u043b\u0430\u0432\u043d\u0430\u044f \u0441\u0442\u0440\u0430\u043d\u0438\u0446\u0430\",\"item\":\"https:\/\/aviator-game.guide\/vn\/\"},{\"@type\":\"ListItem\",\"position\":2,\"name\":\"Th\u1eed nghi\u1ec7m\"}]},{\"@type\":\"WebSite\",\"@id\":\"https:\/\/aviator-game.guide\/vn\/#website\",\"url\":\"https:\/\/aviator-game.guide\/vn\/\",\"name\":\"aviator-game VN\",\"description\":\"My WordPress Blog\",\"potentialAction\":[{\"@type\":\"SearchAction\",\"target\":{\"@type\":\"EntryPoint\",\"urlTemplate\":\"https:\/\/aviator-game.guide\/vn\/?s={search_term_string}\"},\"query-input\":{\"@type\":\"PropertyValueSpecification\",\"valueRequired\":true,\"valueName\":\"search_term_string\"}}],\"inLanguage\":\"vi\"}]}<\/script>\n<!-- \/ Yoast SEO plugin. -->","yoast_head_json":{"title":"B\u1ea3n demo tr\u00f2 ch\u01a1i Aviator > Tr\u00f2 ch\u01a1i mi\u1ec5n ph\u00ed, Chi\u1ebfn l\u01b0\u1ee3c v\u00e0 M\u1eb9o","description":"T\u00ecm hi\u1ec3u c\u00e1ch ch\u01a1i b\u1ea3n demo Aviator mi\u1ec5n ph\u00ed, kh\u00f4ng c\u1ea7n \u0111\u0103ng k\u00fd v\u00e0 kh\u00f4ng r\u1ee7i ro. T\u00ecm hi\u1ec3u c\u01a1 ch\u1ebf, chi\u1ebfn l\u01b0\u1ee3c v\u00e0 c\u00e1ch chuy\u1ec3n sang c\u01b0\u1ee3c th\u1eadt!","robots":{"index":"index","follow":"follow","max-snippet":"max-snippet:-1","max-image-preview":"max-image-preview:large","max-video-preview":"max-video-preview:-1"},"og_locale":"vi_VN","og_type":"article","og_title":"B\u1ea3n demo tr\u00f2 ch\u01a1i Aviator > Tr\u00f2 ch\u01a1i mi\u1ec5n ph\u00ed, Chi\u1ebfn l\u01b0\u1ee3c v\u00e0 M\u1eb9o","og_description":"T\u00ecm hi\u1ec3u c\u00e1ch ch\u01a1i b\u1ea3n demo Aviator mi\u1ec5n ph\u00ed, kh\u00f4ng c\u1ea7n \u0111\u0103ng k\u00fd v\u00e0 kh\u00f4ng r\u1ee7i ro. T\u00ecm hi\u1ec3u c\u01a1 ch\u1ebf, chi\u1ebfn l\u01b0\u1ee3c v\u00e0 c\u00e1ch chuy\u1ec3n sang c\u01b0\u1ee3c th\u1eadt!","og_url":"https:\/\/aviator-game.guide\/vn\/demo\/","og_site_name":"aviator-game VN","article_modified_time":"2025-08-20T10:51:38+00:00","twitter_card":"summary_large_image","schema":{"@context":"https:\/\/schema.org","@graph":[{"@type":"WebPage","@id":"https:\/\/aviator-game.guide\/vn\/demo\/","url":"https:\/\/aviator-game.guide\/vn\/demo\/","name":"B\u1ea3n demo tr\u00f2 ch\u01a1i Aviator > Tr\u00f2 ch\u01a1i mi\u1ec5n ph\u00ed, Chi\u1ebfn l\u01b0\u1ee3c v\u00e0 M\u1eb9o","isPartOf":{"@id":"https:\/\/aviator-game.guide\/vn\/#website"},"datePublished":"2025-03-03T13:47:35+00:00","dateModified":"2025-08-20T10:51:38+00:00","description":"T\u00ecm hi\u1ec3u c\u00e1ch ch\u01a1i b\u1ea3n demo Aviator mi\u1ec5n ph\u00ed, kh\u00f4ng c\u1ea7n \u0111\u0103ng k\u00fd v\u00e0 kh\u00f4ng r\u1ee7i ro. T\u00ecm hi\u1ec3u c\u01a1 ch\u1ebf, chi\u1ebfn l\u01b0\u1ee3c v\u00e0 c\u00e1ch chuy\u1ec3n sang c\u01b0\u1ee3c th\u1eadt!","breadcrumb":{"@id":"https:\/\/aviator-game.guide\/vn\/demo\/#breadcrumb"},"inLanguage":"vi","potentialAction":[{"@type":"ReadAction","target":["https:\/\/aviator-game.guide\/vn\/demo\/"]}]},{"@type":"BreadcrumbList","@id":"https:\/\/aviator-game.guide\/vn\/demo\/#breadcrumb","itemListElement":[{"@type":"ListItem","position":1,"name":"\u0413\u043b\u0430\u0432\u043d\u0430\u044f \u0441\u0442\u0440\u0430\u043d\u0438\u0446\u0430","item":"https:\/\/aviator-game.guide\/vn\/"},{"@type":"ListItem","position":2,"name":"Th\u1eed nghi\u1ec7m"}]},{"@type":"WebSite","@id":"https:\/\/aviator-game.guide\/vn\/#website","url":"https:\/\/aviator-game.guide\/vn\/","name":"aviator-game VN","description":"My WordPress Blog","potentialAction":[{"@type":"SearchAction","target":{"@type":"EntryPoint","urlTemplate":"https:\/\/aviator-game.guide\/vn\/?s={search_term_string}"},"query-input":{"@type":"PropertyValueSpecification","valueRequired":true,"valueName":"search_term_string"}}],"inLanguage":"vi"}]}},"_links":{"self":[{"href":"https:\/\/aviator-game.guide\/vn\/wp-json\/wp\/v2\/pages\/173","targetHints":{"allow":["GET"]}}],"collection":[{"href":"https:\/\/aviator-game.guide\/vn\/wp-json\/wp\/v2\/pages"}],"about":[{"href":"https:\/\/aviator-game.guide\/vn\/wp-json\/wp\/v2\/types\/page"}],"author":[{"embeddable":true,"href":"https:\/\/aviator-game.guide\/vn\/wp-json\/wp\/v2\/users\/1"}],"replies":[{"embeddable":true,"href":"https:\/\/aviator-game.guide\/vn\/wp-json\/wp\/v2\/comments?post=173"}],"version-history":[{"count":5,"href":"https:\/\/aviator-game.guide\/vn\/wp-json\/wp\/v2\/pages\/173\/revisions"}],"predecessor-version":[{"id":260,"href":"https:\/\/aviator-game.guide\/vn\/wp-json\/wp\/v2\/pages\/173\/revisions\/260"}],"wp:attachment":[{"href":"https:\/\/aviator-game.guide\/vn\/wp-json\/wp\/v2\/media?parent=173"}],"curies":[{"name":"wp","href":"https:\/\/api.w.org\/{rel}","templated":true}]}}