{"id":180,"date":"2025-03-12T12:49:34","date_gmt":"2025-03-12T12:49:34","guid":{"rendered":"https:\/\/aviator-game.guide\/vn\/?page_id=180"},"modified":"2025-08-20T11:09:59","modified_gmt":"2025-08-20T11:09:59","slug":"app","status":"publish","type":"page","link":"https:\/\/aviator-game.guide\/vn\/app\/","title":{"rendered":"\u1ee8ng d\u1ee5ng"},"content":{"rendered":"","protected":false},"excerpt":{"rendered":"","protected":false},"author":1,"featured_media":0,"parent":0,"menu_order":4,"comment_status":"closed","ping_status":"closed","template":"","meta":{"footnotes":""},"class_list":["post-180","page","type-page","status-publish","hentry"],"yoast_head":"<!-- This site is optimized with the Yoast SEO plugin v24.5 - https:\/\/yoast.com\/wordpress\/plugins\/seo\/ -->\n<title>T\u1ea3i xu\u1ed1ng tr\u00f2 ch\u01a1i Aviator &gt; T\u1ea3i xu\u1ed1ng v\u00e0 c\u00e0i \u0111\u1eb7t \u1ee9ng d\u1ee5ng<\/title>\n<meta name=\"description\" content=\"B\u1ea1n mu\u1ed1n ch\u01a1i tr\u00f2 ch\u01a1i Aviator tr\u00ean \u0111i\u1ec7n tho\u1ea1i ho\u1eb7c PC? C\u00e1ch c\u00e0i \u0111\u1eb7t tr\u00ean Android v\u00e0 iOS, v\u00e0 li\u1ec7u n\u00f3 c\u00f3 an to\u00e0n kh\u00f4ng.\" \/>\n<meta name=\"robots\" content=\"index, follow, max-snippet:-1, max-image-preview:large, max-video-preview:-1\" \/>\n<meta property=\"og:locale\" content=\"vi_VN\" \/>\n<meta property=\"og:type\" content=\"article\" \/>\n<meta property=\"og:title\" content=\"T\u1ea3i xu\u1ed1ng tr\u00f2 ch\u01a1i Aviator &gt; T\u1ea3i xu\u1ed1ng v\u00e0 c\u00e0i \u0111\u1eb7t \u1ee9ng d\u1ee5ng\" \/>\n<meta property=\"og:description\" content=\"B\u1ea1n mu\u1ed1n ch\u01a1i tr\u00f2 ch\u01a1i Aviator tr\u00ean \u0111i\u1ec7n tho\u1ea1i ho\u1eb7c PC? C\u00e1ch c\u00e0i \u0111\u1eb7t tr\u00ean Android v\u00e0 iOS, v\u00e0 li\u1ec7u n\u00f3 c\u00f3 an to\u00e0n kh\u00f4ng.\" \/>\n<meta property=\"og:url\" content=\"https:\/\/aviator-game.guide\/vn\/app\/\" \/>\n<meta property=\"og:site_name\" content=\"aviator-game VN\" \/>\n<meta property=\"article:modified_time\" content=\"2025-08-20T11:09:59+00:00\" \/>\n<meta name=\"twitter:card\" content=\"summary_large_image\" \/>\n<script type=\"application\/ld+json\" class=\"yoast-schema-graph\">{\"@context\":\"https:\/\/schema.org\",\"@graph\":[{\"@type\":\"WebPage\",\"@id\":\"https:\/\/aviator-game.guide\/vn\/app\/\",\"url\":\"https:\/\/aviator-game.guide\/vn\/app\/\",\"name\":\"T\u1ea3i xu\u1ed1ng tr\u00f2 ch\u01a1i Aviator > T\u1ea3i xu\u1ed1ng v\u00e0 c\u00e0i \u0111\u1eb7t \u1ee9ng d\u1ee5ng\",\"isPartOf\":{\"@id\":\"https:\/\/aviator-game.guide\/vn\/#website\"},\"datePublished\":\"2025-03-12T12:49:34+00:00\",\"dateModified\":\"2025-08-20T11:09:59+00:00\",\"description\":\"B\u1ea1n mu\u1ed1n ch\u01a1i tr\u00f2 ch\u01a1i Aviator tr\u00ean \u0111i\u1ec7n tho\u1ea1i ho\u1eb7c PC? C\u00e1ch c\u00e0i \u0111\u1eb7t tr\u00ean Android v\u00e0 iOS, v\u00e0 li\u1ec7u n\u00f3 c\u00f3 an to\u00e0n kh\u00f4ng.\",\"breadcrumb\":{\"@id\":\"https:\/\/aviator-game.guide\/vn\/app\/#breadcrumb\"},\"inLanguage\":\"vi\",\"potentialAction\":[{\"@type\":\"ReadAction\",\"target\":[\"https:\/\/aviator-game.guide\/vn\/app\/\"]}]},{\"@type\":\"BreadcrumbList\",\"@id\":\"https:\/\/aviator-game.guide\/vn\/app\/#breadcrumb\",\"itemListElement\":[{\"@type\":\"ListItem\",\"position\":1,\"name\":\"\u0413\u043b\u0430\u0432\u043d\u0430\u044f \u0441\u0442\u0440\u0430\u043d\u0438\u0446\u0430\",\"item\":\"https:\/\/aviator-game.guide\/vn\/\"},{\"@type\":\"ListItem\",\"position\":2,\"name\":\"\u1ee8ng d\u1ee5ng\"}]},{\"@type\":\"WebSite\",\"@id\":\"https:\/\/aviator-game.guide\/vn\/#website\",\"url\":\"https:\/\/aviator-game.guide\/vn\/\",\"name\":\"aviator-game VN\",\"description\":\"My WordPress Blog\",\"potentialAction\":[{\"@type\":\"SearchAction\",\"target\":{\"@type\":\"EntryPoint\",\"urlTemplate\":\"https:\/\/aviator-game.guide\/vn\/?s={search_term_string}\"},\"query-input\":{\"@type\":\"PropertyValueSpecification\",\"valueRequired\":true,\"valueName\":\"search_term_string\"}}],\"inLanguage\":\"vi\"}]}<\/script>\n<!-- \/ Yoast SEO plugin. -->","yoast_head_json":{"title":"T\u1ea3i xu\u1ed1ng tr\u00f2 ch\u01a1i Aviator > T\u1ea3i xu\u1ed1ng v\u00e0 c\u00e0i \u0111\u1eb7t \u1ee9ng d\u1ee5ng","description":"B\u1ea1n mu\u1ed1n ch\u01a1i tr\u00f2 ch\u01a1i Aviator tr\u00ean \u0111i\u1ec7n tho\u1ea1i ho\u1eb7c PC? C\u00e1ch c\u00e0i \u0111\u1eb7t tr\u00ean Android v\u00e0 iOS, v\u00e0 li\u1ec7u n\u00f3 c\u00f3 an to\u00e0n kh\u00f4ng.","robots":{"index":"index","follow":"follow","max-snippet":"max-snippet:-1","max-image-preview":"max-image-preview:large","max-video-preview":"max-video-preview:-1"},"og_locale":"vi_VN","og_type":"article","og_title":"T\u1ea3i xu\u1ed1ng tr\u00f2 ch\u01a1i Aviator > T\u1ea3i xu\u1ed1ng v\u00e0 c\u00e0i \u0111\u1eb7t \u1ee9ng d\u1ee5ng","og_description":"B\u1ea1n mu\u1ed1n ch\u01a1i tr\u00f2 ch\u01a1i Aviator tr\u00ean \u0111i\u1ec7n tho\u1ea1i ho\u1eb7c PC? C\u00e1ch c\u00e0i \u0111\u1eb7t tr\u00ean Android v\u00e0 iOS, v\u00e0 li\u1ec7u n\u00f3 c\u00f3 an to\u00e0n kh\u00f4ng.","og_url":"https:\/\/aviator-game.guide\/vn\/app\/","og_site_name":"aviator-game VN","article_modified_time":"2025-08-20T11:09:59+00:00","twitter_card":"summary_large_image","schema":{"@context":"https:\/\/schema.org","@graph":[{"@type":"WebPage","@id":"https:\/\/aviator-game.guide\/vn\/app\/","url":"https:\/\/aviator-game.guide\/vn\/app\/","name":"T\u1ea3i xu\u1ed1ng tr\u00f2 ch\u01a1i Aviator > T\u1ea3i xu\u1ed1ng v\u00e0 c\u00e0i \u0111\u1eb7t \u1ee9ng d\u1ee5ng","isPartOf":{"@id":"https:\/\/aviator-game.guide\/vn\/#website"},"datePublished":"2025-03-12T12:49:34+00:00","dateModified":"2025-08-20T11:09:59+00:00","description":"B\u1ea1n mu\u1ed1n ch\u01a1i tr\u00f2 ch\u01a1i Aviator tr\u00ean \u0111i\u1ec7n tho\u1ea1i ho\u1eb7c PC? C\u00e1ch c\u00e0i \u0111\u1eb7t tr\u00ean Android v\u00e0 iOS, v\u00e0 li\u1ec7u n\u00f3 c\u00f3 an to\u00e0n kh\u00f4ng.","breadcrumb":{"@id":"https:\/\/aviator-game.guide\/vn\/app\/#breadcrumb"},"inLanguage":"vi","potentialAction":[{"@type":"ReadAction","target":["https:\/\/aviator-game.guide\/vn\/app\/"]}]},{"@type":"BreadcrumbList","@id":"https:\/\/aviator-game.guide\/vn\/app\/#breadcrumb","itemListElement":[{"@type":"ListItem","position":1,"name":"\u0413\u043b\u0430\u0432\u043d\u0430\u044f \u0441\u0442\u0440\u0430\u043d\u0438\u0446\u0430","item":"https:\/\/aviator-game.guide\/vn\/"},{"@type":"ListItem","position":2,"name":"\u1ee8ng d\u1ee5ng"}]},{"@type":"WebSite","@id":"https:\/\/aviator-game.guide\/vn\/#website","url":"https:\/\/aviator-game.guide\/vn\/","name":"aviator-game VN","description":"My WordPress Blog","potentialAction":[{"@type":"SearchAction","target":{"@type":"EntryPoint","urlTemplate":"https:\/\/aviator-game.guide\/vn\/?s={search_term_string}"},"query-input":{"@type":"PropertyValueSpecification","valueRequired":true,"valueName":"search_term_string"}}],"inLanguage":"vi"}]}},"_links":{"self":[{"href":"https:\/\/aviator-game.guide\/vn\/wp-json\/wp\/v2\/pages\/180","targetHints":{"allow":["GET"]}}],"collection":[{"href":"https:\/\/aviator-game.guide\/vn\/wp-json\/wp\/v2\/pages"}],"about":[{"href":"https:\/\/aviator-game.guide\/vn\/wp-json\/wp\/v2\/types\/page"}],"author":[{"embeddable":true,"href":"https:\/\/aviator-game.guide\/vn\/wp-json\/wp\/v2\/users\/1"}],"replies":[{"embeddable":true,"href":"https:\/\/aviator-game.guide\/vn\/wp-json\/wp\/v2\/comments?post=180"}],"version-history":[{"count":10,"href":"https:\/\/aviator-game.guide\/vn\/wp-json\/wp\/v2\/pages\/180\/revisions"}],"predecessor-version":[{"id":264,"href":"https:\/\/aviator-game.guide\/vn\/wp-json\/wp\/v2\/pages\/180\/revisions\/264"}],"wp:attachment":[{"href":"https:\/\/aviator-game.guide\/vn\/wp-json\/wp\/v2\/media?parent=180"}],"curies":[{"name":"wp","href":"https:\/\/api.w.org\/{rel}","templated":true}]}}