{"id":2,"date":"2023-05-18T17:18:34","date_gmt":"2023-05-18T17:18:34","guid":{"rendered":"https:\/\/aviator-game.guide\/vn\/?page_id=2"},"modified":"2025-08-20T09:28:24","modified_gmt":"2025-08-20T09:28:24","slug":"sample-page","status":"publish","type":"page","link":"https:\/\/aviator-game.guide\/vn\/","title":{"rendered":"Trang ch\u1ee7"},"content":{"rendered":"","protected":false},"excerpt":{"rendered":"","protected":false},"author":1,"featured_media":0,"parent":0,"menu_order":0,"comment_status":"closed","ping_status":"open","template":"","meta":{"footnotes":""},"class_list":["post-2","page","type-page","status-publish","hentry"],"yoast_head":"<!-- This site is optimized with the Yoast SEO plugin v24.5 - https:\/\/yoast.com\/wordpress\/plugins\/seo\/ -->\n<title>Tr\u00f2 ch\u01a1i phi c\u00f4ng &gt; \u0110\u00e1nh gi\u00e1 \u0111\u1ea7y \u0111\u1ee7, chi\u1ebfn l\u01b0\u1ee3c v\u00e0 m\u1eb9o<\/title>\n<meta name=\"description\" content=\"Ch\u01a1i Aviator ngay! T\u00ecm hi\u1ec3u c\u00e1ch chi\u1ebfn th\u1eafng, chi\u1ebfn l\u01b0\u1ee3c th\u00e0nh c\u00f4ng, ti\u1ec1n th\u01b0\u1edfng v\u00e0 n\u01a1i ch\u01a1i mi\u1ec5n ph\u00ed. H\u00e3y c\u00e0i \u0111\u1eb7t Aviator ngay!\" \/>\n<meta name=\"robots\" content=\"index, follow, max-snippet:-1, max-image-preview:large, max-video-preview:-1\" \/>\n<meta property=\"og:locale\" content=\"vi_VN\" \/>\n<meta property=\"og:type\" content=\"article\" \/>\n<meta property=\"og:title\" content=\"Tr\u00f2 ch\u01a1i phi c\u00f4ng &gt; \u0110\u00e1nh gi\u00e1 \u0111\u1ea7y \u0111\u1ee7, chi\u1ebfn l\u01b0\u1ee3c v\u00e0 m\u1eb9o\" \/>\n<meta property=\"og:description\" content=\"Ch\u01a1i Aviator ngay! T\u00ecm hi\u1ec3u c\u00e1ch chi\u1ebfn th\u1eafng, chi\u1ebfn l\u01b0\u1ee3c th\u00e0nh c\u00f4ng, ti\u1ec1n th\u01b0\u1edfng v\u00e0 n\u01a1i ch\u01a1i mi\u1ec5n ph\u00ed. H\u00e3y c\u00e0i \u0111\u1eb7t Aviator ngay!\" \/>\n<meta property=\"og:url\" content=\"https:\/\/aviator-game.guide\/vn\/\" \/>\n<meta property=\"og:site_name\" content=\"aviator-game VN\" \/>\n<meta property=\"article:modified_time\" content=\"2025-08-20T09:28:24+00:00\" \/>\n<meta name=\"twitter:card\" content=\"summary_large_image\" \/>\n<script type=\"application\/ld+json\" class=\"yoast-schema-graph\">{\"@context\":\"https:\/\/schema.org\",\"@graph\":[{\"@type\":\"WebPage\",\"@id\":\"https:\/\/aviator-game.guide\/vn\/\",\"url\":\"https:\/\/aviator-game.guide\/vn\/\",\"name\":\"Tr\u00f2 ch\u01a1i phi c\u00f4ng > \u0110\u00e1nh gi\u00e1 \u0111\u1ea7y \u0111\u1ee7, chi\u1ebfn l\u01b0\u1ee3c v\u00e0 m\u1eb9o\",\"isPartOf\":{\"@id\":\"https:\/\/aviator-game.guide\/vn\/#website\"},\"datePublished\":\"2023-05-18T17:18:34+00:00\",\"dateModified\":\"2025-08-20T09:28:24+00:00\",\"description\":\"Ch\u01a1i Aviator ngay! T\u00ecm hi\u1ec3u c\u00e1ch chi\u1ebfn th\u1eafng, chi\u1ebfn l\u01b0\u1ee3c th\u00e0nh c\u00f4ng, ti\u1ec1n th\u01b0\u1edfng v\u00e0 n\u01a1i ch\u01a1i mi\u1ec5n ph\u00ed. H\u00e3y c\u00e0i \u0111\u1eb7t Aviator ngay!\",\"breadcrumb\":{\"@id\":\"https:\/\/aviator-game.guide\/vn\/#breadcrumb\"},\"inLanguage\":\"vi\",\"potentialAction\":[{\"@type\":\"ReadAction\",\"target\":[\"https:\/\/aviator-game.guide\/vn\/\"]}]},{\"@type\":\"BreadcrumbList\",\"@id\":\"https:\/\/aviator-game.guide\/vn\/#breadcrumb\",\"itemListElement\":[{\"@type\":\"ListItem\",\"position\":1,\"name\":\"\u0413\u043b\u0430\u0432\u043d\u0430\u044f \u0441\u0442\u0440\u0430\u043d\u0438\u0446\u0430\",\"item\":\"https:\/\/aviator-game.guide\/vn\/\"},{\"@type\":\"ListItem\",\"position\":2,\"name\":\"Trang ch\u1ee7\"}]},{\"@type\":\"WebSite\",\"@id\":\"https:\/\/aviator-game.guide\/vn\/#website\",\"url\":\"https:\/\/aviator-game.guide\/vn\/\",\"name\":\"aviator-game VN\",\"description\":\"My WordPress Blog\",\"potentialAction\":[{\"@type\":\"SearchAction\",\"target\":{\"@type\":\"EntryPoint\",\"urlTemplate\":\"https:\/\/aviator-game.guide\/vn\/?s={search_term_string}\"},\"query-input\":{\"@type\":\"PropertyValueSpecification\",\"valueRequired\":true,\"valueName\":\"search_term_string\"}}],\"inLanguage\":\"vi\"}]}<\/script>\n<!-- \/ Yoast SEO plugin. -->","yoast_head_json":{"title":"Tr\u00f2 ch\u01a1i phi c\u00f4ng > \u0110\u00e1nh gi\u00e1 \u0111\u1ea7y \u0111\u1ee7, chi\u1ebfn l\u01b0\u1ee3c v\u00e0 m\u1eb9o","description":"Ch\u01a1i Aviator ngay! T\u00ecm hi\u1ec3u c\u00e1ch chi\u1ebfn th\u1eafng, chi\u1ebfn l\u01b0\u1ee3c th\u00e0nh c\u00f4ng, ti\u1ec1n th\u01b0\u1edfng v\u00e0 n\u01a1i ch\u01a1i mi\u1ec5n ph\u00ed. H\u00e3y c\u00e0i \u0111\u1eb7t Aviator ngay!","robots":{"index":"index","follow":"follow","max-snippet":"max-snippet:-1","max-image-preview":"max-image-preview:large","max-video-preview":"max-video-preview:-1"},"og_locale":"vi_VN","og_type":"article","og_title":"Tr\u00f2 ch\u01a1i phi c\u00f4ng > \u0110\u00e1nh gi\u00e1 \u0111\u1ea7y \u0111\u1ee7, chi\u1ebfn l\u01b0\u1ee3c v\u00e0 m\u1eb9o","og_description":"Ch\u01a1i Aviator ngay! T\u00ecm hi\u1ec3u c\u00e1ch chi\u1ebfn th\u1eafng, chi\u1ebfn l\u01b0\u1ee3c th\u00e0nh c\u00f4ng, ti\u1ec1n th\u01b0\u1edfng v\u00e0 n\u01a1i ch\u01a1i mi\u1ec5n ph\u00ed. H\u00e3y c\u00e0i \u0111\u1eb7t Aviator ngay!","og_url":"https:\/\/aviator-game.guide\/vn\/","og_site_name":"aviator-game VN","article_modified_time":"2025-08-20T09:28:24+00:00","twitter_card":"summary_large_image","schema":{"@context":"https:\/\/schema.org","@graph":[{"@type":"WebPage","@id":"https:\/\/aviator-game.guide\/vn\/","url":"https:\/\/aviator-game.guide\/vn\/","name":"Tr\u00f2 ch\u01a1i phi c\u00f4ng > \u0110\u00e1nh gi\u00e1 \u0111\u1ea7y \u0111\u1ee7, chi\u1ebfn l\u01b0\u1ee3c v\u00e0 m\u1eb9o","isPartOf":{"@id":"https:\/\/aviator-game.guide\/vn\/#website"},"datePublished":"2023-05-18T17:18:34+00:00","dateModified":"2025-08-20T09:28:24+00:00","description":"Ch\u01a1i Aviator ngay! T\u00ecm hi\u1ec3u c\u00e1ch chi\u1ebfn th\u1eafng, chi\u1ebfn l\u01b0\u1ee3c th\u00e0nh c\u00f4ng, ti\u1ec1n th\u01b0\u1edfng v\u00e0 n\u01a1i ch\u01a1i mi\u1ec5n ph\u00ed. H\u00e3y c\u00e0i \u0111\u1eb7t Aviator ngay!","breadcrumb":{"@id":"https:\/\/aviator-game.guide\/vn\/#breadcrumb"},"inLanguage":"vi","potentialAction":[{"@type":"ReadAction","target":["https:\/\/aviator-game.guide\/vn\/"]}]},{"@type":"BreadcrumbList","@id":"https:\/\/aviator-game.guide\/vn\/#breadcrumb","itemListElement":[{"@type":"ListItem","position":1,"name":"\u0413\u043b\u0430\u0432\u043d\u0430\u044f \u0441\u0442\u0440\u0430\u043d\u0438\u0446\u0430","item":"https:\/\/aviator-game.guide\/vn\/"},{"@type":"ListItem","position":2,"name":"Trang ch\u1ee7"}]},{"@type":"WebSite","@id":"https:\/\/aviator-game.guide\/vn\/#website","url":"https:\/\/aviator-game.guide\/vn\/","name":"aviator-game VN","description":"My WordPress Blog","potentialAction":[{"@type":"SearchAction","target":{"@type":"EntryPoint","urlTemplate":"https:\/\/aviator-game.guide\/vn\/?s={search_term_string}"},"query-input":{"@type":"PropertyValueSpecification","valueRequired":true,"valueName":"search_term_string"}}],"inLanguage":"vi"}]}},"_links":{"self":[{"href":"https:\/\/aviator-game.guide\/vn\/wp-json\/wp\/v2\/pages\/2","targetHints":{"allow":["GET"]}}],"collection":[{"href":"https:\/\/aviator-game.guide\/vn\/wp-json\/wp\/v2\/pages"}],"about":[{"href":"https:\/\/aviator-game.guide\/vn\/wp-json\/wp\/v2\/types\/page"}],"author":[{"embeddable":true,"href":"https:\/\/aviator-game.guide\/vn\/wp-json\/wp\/v2\/users\/1"}],"replies":[{"embeddable":true,"href":"https:\/\/aviator-game.guide\/vn\/wp-json\/wp\/v2\/comments?post=2"}],"version-history":[{"count":13,"href":"https:\/\/aviator-game.guide\/vn\/wp-json\/wp\/v2\/pages\/2\/revisions"}],"predecessor-version":[{"id":255,"href":"https:\/\/aviator-game.guide\/vn\/wp-json\/wp\/v2\/pages\/2\/revisions\/255"}],"wp:attachment":[{"href":"https:\/\/aviator-game.guide\/vn\/wp-json\/wp\/v2\/media?parent=2"}],"curies":[{"name":"wp","href":"https:\/\/api.w.org\/{rel}","templated":true}]}}